{"id":8948,"date":"2021-06-01T13:39:27","date_gmt":"2021-06-01T11:39:27","guid":{"rendered":"http:\/\/augustiner-wendel.de\/?page_id=8948"},"modified":"2023-04-21T10:36:57","modified_gmt":"2023-04-21T08:36:57","slug":"impressum","status":"publish","type":"page","link":"https:\/\/augustiner-am-platzl.de\/index.php\/impressum\/","title":{"rendered":"IMPRESSUM"},"content":{"rendered":"<p>[vc_row content_width=&#8220;grid&#8220; content_aligment=&#8220;center&#8220; css=&#8220;.vc_custom_1619072371345{padding-top: 95px !important;padding-bottom: 95px !important;}&#8220;][vc_column offset=&#8220;vc_col-lg-offset-3 vc_col-lg-6 vc_col-md-offset-1 vc_col-md-9&#8243;][vc_single_image image=&#8220;8409&#8243; img_size=&#8220;150px&#8220; alignment=&#8220;center&#8220; css=&#8220;.vc_custom_1619098429177{padding-bottom: -30px !important;}&#8220;][vc_column_text]<\/p>\n<h3 style=\"text-align: center;\"><span style=\"color: #333333;\">Impressum<\/span><\/h3>\n<h4 style=\"text-align: center;\"><span style=\"color: #333333;\">Angaben gem\u00e4\u00df \u00a7 5 TMG<\/span><\/h4>\n<p style=\"text-align: center;\"><span style=\"color: #333333;\">Oliver Wendel e.K. <\/span><br \/>\n<span style=\"color: #333333;\">Augustiner am Platzl<\/span><br \/>\n<span style=\"color: #333333;\">Orlandostra\u00dfe 5<\/span><br \/>\n<span style=\"color: #333333;\">80331 M\u00fcnchen<\/span><\/p>\n<p style=\"text-align: center;\"><span style=\"color: #333333;\">Handelsregister: HRA 113850<\/span><br \/>\n<span style=\"color: #333333;\">Registergericht: Amtsgericht M\u00fcnchen<\/span><\/p>\n<h4 style=\"text-align: center;\"><span style=\"color: #333333;\">Kontakt<\/span><\/h4>\n<p style=\"text-align: center;\"><span style=\"color: #333333;\">Telefon: +49 89 370 171 70<\/span><br \/>\n<span style=\"color: #333333;\">Telefax: +49 89 370 171 77<\/span><br \/>\n<span style=\"color: #333333;\">E-Mail: willkommen@augustiner-am-platzl.de<\/span><\/p>\n<h4 style=\"text-align: center;\"><span style=\"color: #333333;\">Umsatzsteuer-ID<\/span><\/h4>\n<p style=\"text-align: center;\"><span style=\"color: #333333;\">Umsatzsteuer-Identifikationsnummer gem\u00e4\u00df \u00a7 27 a Umsatzsteuergesetz:<\/span><\/p>\n<p style=\"text-align: center;\"><span style=\"color: #333333;\">Steuernummer: 148 193 016 39<\/span><br \/>\n<span style=\"color: #333333;\">USt.-ID: DE 342401033<\/span><\/p>\n<h4 style=\"text-align: center;\"><span style=\"color: #333333;\">Redaktionell verantwortlich<\/span><\/h4>\n<p style=\"text-align: center;\"><span style=\"color: #333333;\">Oliver Wendel<\/span><\/p>\n<h4 style=\"text-align: center;\"><span style=\"color: #333333;\">EU-Streitschlichtung<\/span><\/h4>\n<p style=\"text-align: center;\"><span style=\"color: #333333;\">Die Europ\u00e4ische Kommission stellt eine Plattform zur Online-Streitbeilegung (OS) bereit: <a style=\"color: #333333;\" href=\"https:\/\/ec.europa.eu\/consumers\/odr\/\" target=\"_blank\" rel=\"noopener noreferrer\">https:\/\/ec.europa.eu\/consumers\/odr\/<\/a>.<\/span><br \/>\n<span style=\"color: #333333;\">Unsere E-Mail-Adresse finden Sie oben im Impressum.<\/span><\/p>\n<h4 style=\"text-align: center;\"><span style=\"color: #333333;\">Verbraucher\u00adstreit\u00adbeilegung\/Universal\u00adschlichtungs\u00adstelle<\/span><\/h4>\n<p style=\"text-align: center;\"><span style=\"color: #333333;\">Wir sind nicht bereit oder verpflichtet, an Streitbeilegungsverfahren vor einer Verbraucherschlichtungsstelle teilzunehmen.<\/span><\/p>\n<h4 style=\"text-align: center;\"><span style=\"color: #333333;\">Haftung f\u00fcr Inhalte<\/span><\/h4>\n<p style=\"text-align: center;\"><span style=\"color: #333333;\">Als Diensteanbieter sind wir gem\u00e4\u00df \u00a7 7 Abs.1 TMG f\u00fcr eigene Inhalte auf diesen Seiten nach den allgemeinen Gesetzen verantwortlich. Nach \u00a7\u00a7 8 bis 10 TMG sind wir als Diensteanbieter jedoch nicht verpflichtet, \u00fcbermittelte oder gespeicherte fremde Informationen zu \u00fcberwachen oder nach Umst\u00e4nden zu forschen, die auf eine rechtswidrige T\u00e4tigkeit hinweisen.<\/span><\/p>\n<p style=\"text-align: center;\"><span style=\"color: #333333;\">Verpflichtungen zur Entfernung oder Sperrung der Nutzung von Informationen nach den allgemeinen Gesetzen bleiben hiervon unber\u00fchrt. Eine diesbez\u00fcgliche Haftung ist jedoch erst ab dem Zeitpunkt der Kenntnis einer konkreten Rechtsverletzung m\u00f6glich. Bei Bekanntwerden von entsprechenden Rechtsverletzungen werden wir diese Inhalte umgehend entfernen.<\/span><\/p>\n<h4 style=\"text-align: center;\"><span style=\"color: #333333;\">Haftung f\u00fcr Links<\/span><\/h4>\n<p style=\"text-align: center;\"><span style=\"color: #333333;\">Unser Angebot enth\u00e4lt Links zu externen Websites Dritter, auf deren Inhalte wir keinen Einfluss haben. Deshalb k\u00f6nnen wir f\u00fcr diese fremden Inhalte auch keine Gew\u00e4hr \u00fcbernehmen. F\u00fcr die Inhalte der verlinkten Seiten ist stets der jeweilige Anbieter oder Betreiber der Seiten verantwortlich. Die verlinkten Seiten wurden zum Zeitpunkt der Verlinkung auf m\u00f6gliche Rechtsverst\u00f6\u00dfe \u00fcberpr\u00fcft. Rechtswidrige Inhalte waren zum Zeitpunkt der Verlinkung nicht erkennbar.<\/span><\/p>\n<p style=\"text-align: center;\"><span style=\"color: #333333;\">Eine permanente inhaltliche Kontrolle der verlinkten Seiten ist jedoch ohne konkrete Anhaltspunkte einer Rechtsverletzung nicht zumutbar. Bei Bekanntwerden von Rechtsverletzungen werden wir derartige Links umgehend entfernen.<\/span><\/p>\n<h4 style=\"text-align: center;\"><span style=\"color: #333333;\">Urheberrecht<\/span><\/h4>\n<p style=\"text-align: center;\"><span style=\"color: #333333;\">Die durch die Seitenbetreiber erstellten Inhalte und Werke auf diesen Seiten unterliegen dem deutschen Urheberrecht. Die Vervielf\u00e4ltigung, Bearbeitung, Verbreitung und jede Art der Verwertung au\u00dferhalb der Grenzen des Urheberrechtes bed\u00fcrfen der schriftlichen Zustimmung des jeweiligen Autors bzw. Erstellers. Downloads und Kopien dieser Seite sind nur f\u00fcr den privaten, nicht kommerziellen Gebrauch gestattet.<\/span><\/p>\n<p style=\"text-align: center;\"><span style=\"color: #333333;\">Soweit die Inhalte auf dieser Seite nicht vom Betreiber erstellt wurden, werden die Urheberrechte Dritter beachtet. Insbesondere werden Inhalte Dritter als solche gekennzeichnet. Sollten Sie trotzdem auf eine Urheberrechtsverletzung aufmerksam werden, bitten wir um einen entsprechenden Hinweis. Bei Bekanntwerden von Rechtsverletzungen werden wir derartige Inhalte umgehend entfernen.<\/span><\/p>\n<p style=\"text-align: center;\"><span style=\"color: #333333;\">Fotocredits: <a style=\"color: #333333;\" href=\"http:\/\/franzfaltermaier.com\" target=\"_blank\" rel=\"noopener\">franzfaltermaier.com<\/a><\/span><br \/>\n<span style=\"color: #333333;\">Video: <a style=\"color: #333333;\" href=\"https:\/\/www.stantien.de\/\" target=\"_blank\" rel=\"noopener\">stantien.de<\/a><\/span><br \/>\n<span style=\"color: #333333;\">Konzept &amp; Realisation: <a style=\"color: #333333;\" href=\"https:\/\/www.markenstudio.de\/\" target=\"_blank\" rel=\"noopener\">markenstudio.de<\/a><\/span><\/p>\n<p style=\"text-align: center;\"><span style=\"color: #333333;\">\u00a0<\/span><\/p>\n<p style=\"text-align: center;\"><span style=\"color: #333333;\">Quelle: <a style=\"color: #333333;\" href=\"https:\/\/www.e-recht24.de\/impressum-generator.html\">https:\/\/www.e-recht24.de\/impressum-generator.html<\/a><\/span><\/p>\n<p>[\/vc_column_text][vc_empty_space][\/vc_column][\/vc_row]<\/p>\n","protected":false},"excerpt":{"rendered":"<p>[vc_row content_width=&#8220;grid&#8220; content_aligment=&#8220;center&#8220; css=&#8220;.vc_custom_1619072371345{padding-top: 95px !important;padding-bottom: 95px !important;}&#8220;][vc_column offset=&#8220;vc_col-lg-offset-3 vc_col-lg-6 vc_col-md-offset-1 vc_col-md-9&#8243;][vc_single_image image=&#8220;8409&#8243; img_size=&#8220;150px&#8220; alignment=&#8220;center&#8220; css=&#8220;.vc_custom_1619098429177{padding-bottom: -30px !important;}&#8220;][vc_column_text] Impressum Angaben gem\u00e4\u00df \u00a7 5 TMG Oliver Wendel e.K. Augustiner am Platzl Orlandostra\u00dfe 5 80331 M\u00fcnchen Handelsregister: HRA 113850 Registergericht: Amtsgericht M\u00fcnchen Kontakt Telefon: +49 89 370&#8230;<\/p>\n","protected":false},"author":1,"featured_media":0,"parent":0,"menu_order":0,"comment_status":"closed","ping_status":"closed","template":"full-width.php","meta":{"footnotes":"","_links_to":"","_links_to_target":""},"class_list":["post-8948","page","type-page","status-publish","hentry"],"yoast_head":"<!-- This site is optimized with the Yoast SEO plugin v21.5 - https:\/\/yoast.com\/wordpress\/plugins\/seo\/ -->\n<title>IMPRESSUM - Augustiner am Platzl<\/title>\n<meta name=\"robots\" content=\"index, follow, max-snippet:-1, max-image-preview:large, max-video-preview:-1\" \/>\n<link rel=\"canonical\" href=\"https:\/\/augustiner-am-platzl.de\/index.php\/impressum\/\" \/>\n<meta property=\"og:locale\" content=\"de_DE\" \/>\n<meta property=\"og:type\" content=\"article\" \/>\n<meta property=\"og:title\" content=\"IMPRESSUM - Augustiner am Platzl\" \/>\n<meta property=\"og:description\" content=\"[vc_row content_width=&#8220;grid&#8220; content_aligment=&#8220;center&#8220; css=&#8220;.vc_custom_1619072371345{padding-top: 95px !important;padding-bottom: 95px !important;}&#8220;][vc_column offset=&#8220;vc_col-lg-offset-3 vc_col-lg-6 vc_col-md-offset-1 vc_col-md-9&#8243;][vc_single_image image=&#8220;8409&#8243; img_size=&#8220;150px&#8220; alignment=&#8220;center&#8220; css=&#8220;.vc_custom_1619098429177{padding-bottom: -30px !important;}&#8220;][vc_column_text] Impressum Angaben gem\u00e4\u00df \u00a7 5 TMG Oliver Wendel e.K. Augustiner am Platzl Orlandostra\u00dfe 5 80331 M\u00fcnchen Handelsregister: HRA 113850 Registergericht: Amtsgericht M\u00fcnchen Kontakt Telefon: +49 89 370...\" \/>\n<meta property=\"og:url\" content=\"https:\/\/augustiner-am-platzl.de\/index.php\/impressum\/\" \/>\n<meta property=\"og:site_name\" content=\"Augustiner am Platzl\" \/>\n<meta property=\"article:modified_time\" content=\"2023-04-21T08:36:57+00:00\" \/>\n<meta name=\"twitter:card\" content=\"summary_large_image\" \/>\n<meta name=\"twitter:label1\" content=\"Gesch\u00e4tzte Lesezeit\" \/>\n\t<meta name=\"twitter:data1\" content=\"2\u00a0Minuten\" \/>\n<script type=\"application\/ld+json\" class=\"yoast-schema-graph\">{\"@context\":\"https:\/\/schema.org\",\"@graph\":[{\"@type\":\"WebPage\",\"@id\":\"https:\/\/augustiner-am-platzl.de\/index.php\/impressum\/\",\"url\":\"https:\/\/augustiner-am-platzl.de\/index.php\/impressum\/\",\"name\":\"IMPRESSUM - Augustiner am Platzl\",\"isPartOf\":{\"@id\":\"https:\/\/augustiner-am-platzl.de\/#website\"},\"datePublished\":\"2021-06-01T11:39:27+00:00\",\"dateModified\":\"2023-04-21T08:36:57+00:00\",\"breadcrumb\":{\"@id\":\"https:\/\/augustiner-am-platzl.de\/index.php\/impressum\/#breadcrumb\"},\"inLanguage\":\"de\",\"potentialAction\":[{\"@type\":\"ReadAction\",\"target\":[\"https:\/\/augustiner-am-platzl.de\/index.php\/impressum\/\"]}]},{\"@type\":\"BreadcrumbList\",\"@id\":\"https:\/\/augustiner-am-platzl.de\/index.php\/impressum\/#breadcrumb\",\"itemListElement\":[{\"@type\":\"ListItem\",\"position\":1,\"name\":\"Startseite\",\"item\":\"https:\/\/augustiner-am-platzl.de\/\"},{\"@type\":\"ListItem\",\"position\":2,\"name\":\"IMPRESSUM\"}]},{\"@type\":\"WebSite\",\"@id\":\"https:\/\/augustiner-am-platzl.de\/#website\",\"url\":\"https:\/\/augustiner-am-platzl.de\/\",\"name\":\"Augustiner am Platzl\",\"description\":\"Wirtshaus der Herzen!\",\"publisher\":{\"@id\":\"https:\/\/augustiner-am-platzl.de\/#organization\"},\"potentialAction\":[{\"@type\":\"SearchAction\",\"target\":{\"@type\":\"EntryPoint\",\"urlTemplate\":\"https:\/\/augustiner-am-platzl.de\/?s={search_term_string}\"},\"query-input\":\"required name=search_term_string\"}],\"inLanguage\":\"de\"},{\"@type\":\"Organization\",\"@id\":\"https:\/\/augustiner-am-platzl.de\/#organization\",\"name\":\"Augustiner am Platzl\",\"url\":\"https:\/\/augustiner-am-platzl.de\/\",\"logo\":{\"@type\":\"ImageObject\",\"inLanguage\":\"de\",\"@id\":\"https:\/\/augustiner-am-platzl.de\/#\/schema\/logo\/image\/\",\"url\":\"https:\/\/augustiner-am-platzl.de\/wp-content\/uploads\/2021\/04\/cropped-Thumbnail.png\",\"contentUrl\":\"https:\/\/augustiner-am-platzl.de\/wp-content\/uploads\/2021\/04\/cropped-Thumbnail.png\",\"width\":512,\"height\":512,\"caption\":\"Augustiner am Platzl\"},\"image\":{\"@id\":\"https:\/\/augustiner-am-platzl.de\/#\/schema\/logo\/image\/\"}}]}<\/script>\n<!-- \/ Yoast SEO plugin. -->","yoast_head_json":{"title":"IMPRESSUM - Augustiner am Platzl","robots":{"index":"index","follow":"follow","max-snippet":"max-snippet:-1","max-image-preview":"max-image-preview:large","max-video-preview":"max-video-preview:-1"},"canonical":"https:\/\/augustiner-am-platzl.de\/index.php\/impressum\/","og_locale":"de_DE","og_type":"article","og_title":"IMPRESSUM - Augustiner am Platzl","og_description":"[vc_row content_width=&#8220;grid&#8220; content_aligment=&#8220;center&#8220; css=&#8220;.vc_custom_1619072371345{padding-top: 95px !important;padding-bottom: 95px !important;}&#8220;][vc_column offset=&#8220;vc_col-lg-offset-3 vc_col-lg-6 vc_col-md-offset-1 vc_col-md-9&#8243;][vc_single_image image=&#8220;8409&#8243; img_size=&#8220;150px&#8220; alignment=&#8220;center&#8220; css=&#8220;.vc_custom_1619098429177{padding-bottom: -30px !important;}&#8220;][vc_column_text] Impressum Angaben gem\u00e4\u00df \u00a7 5 TMG Oliver Wendel e.K. Augustiner am Platzl Orlandostra\u00dfe 5 80331 M\u00fcnchen Handelsregister: HRA 113850 Registergericht: Amtsgericht M\u00fcnchen Kontakt Telefon: +49 89 370...","og_url":"https:\/\/augustiner-am-platzl.de\/index.php\/impressum\/","og_site_name":"Augustiner am Platzl","article_modified_time":"2023-04-21T08:36:57+00:00","twitter_card":"summary_large_image","twitter_misc":{"Gesch\u00e4tzte Lesezeit":"2\u00a0Minuten"},"schema":{"@context":"https:\/\/schema.org","@graph":[{"@type":"WebPage","@id":"https:\/\/augustiner-am-platzl.de\/index.php\/impressum\/","url":"https:\/\/augustiner-am-platzl.de\/index.php\/impressum\/","name":"IMPRESSUM - Augustiner am Platzl","isPartOf":{"@id":"https:\/\/augustiner-am-platzl.de\/#website"},"datePublished":"2021-06-01T11:39:27+00:00","dateModified":"2023-04-21T08:36:57+00:00","breadcrumb":{"@id":"https:\/\/augustiner-am-platzl.de\/index.php\/impressum\/#breadcrumb"},"inLanguage":"de","potentialAction":[{"@type":"ReadAction","target":["https:\/\/augustiner-am-platzl.de\/index.php\/impressum\/"]}]},{"@type":"BreadcrumbList","@id":"https:\/\/augustiner-am-platzl.de\/index.php\/impressum\/#breadcrumb","itemListElement":[{"@type":"ListItem","position":1,"name":"Startseite","item":"https:\/\/augustiner-am-platzl.de\/"},{"@type":"ListItem","position":2,"name":"IMPRESSUM"}]},{"@type":"WebSite","@id":"https:\/\/augustiner-am-platzl.de\/#website","url":"https:\/\/augustiner-am-platzl.de\/","name":"Augustiner am Platzl","description":"Wirtshaus der Herzen!","publisher":{"@id":"https:\/\/augustiner-am-platzl.de\/#organization"},"potentialAction":[{"@type":"SearchAction","target":{"@type":"EntryPoint","urlTemplate":"https:\/\/augustiner-am-platzl.de\/?s={search_term_string}"},"query-input":"required name=search_term_string"}],"inLanguage":"de"},{"@type":"Organization","@id":"https:\/\/augustiner-am-platzl.de\/#organization","name":"Augustiner am Platzl","url":"https:\/\/augustiner-am-platzl.de\/","logo":{"@type":"ImageObject","inLanguage":"de","@id":"https:\/\/augustiner-am-platzl.de\/#\/schema\/logo\/image\/","url":"https:\/\/augustiner-am-platzl.de\/wp-content\/uploads\/2021\/04\/cropped-Thumbnail.png","contentUrl":"https:\/\/augustiner-am-platzl.de\/wp-content\/uploads\/2021\/04\/cropped-Thumbnail.png","width":512,"height":512,"caption":"Augustiner am Platzl"},"image":{"@id":"https:\/\/augustiner-am-platzl.de\/#\/schema\/logo\/image\/"}}]}},"_links":{"self":[{"href":"https:\/\/augustiner-am-platzl.de\/index.php\/wp-json\/wp\/v2\/pages\/8948","targetHints":{"allow":["GET"]}}],"collection":[{"href":"https:\/\/augustiner-am-platzl.de\/index.php\/wp-json\/wp\/v2\/pages"}],"about":[{"href":"https:\/\/augustiner-am-platzl.de\/index.php\/wp-json\/wp\/v2\/types\/page"}],"author":[{"embeddable":true,"href":"https:\/\/augustiner-am-platzl.de\/index.php\/wp-json\/wp\/v2\/users\/1"}],"replies":[{"embeddable":true,"href":"https:\/\/augustiner-am-platzl.de\/index.php\/wp-json\/wp\/v2\/comments?post=8948"}],"version-history":[{"count":9,"href":"https:\/\/augustiner-am-platzl.de\/index.php\/wp-json\/wp\/v2\/pages\/8948\/revisions"}],"predecessor-version":[{"id":11862,"href":"https:\/\/augustiner-am-platzl.de\/index.php\/wp-json\/wp\/v2\/pages\/8948\/revisions\/11862"}],"wp:attachment":[{"href":"https:\/\/augustiner-am-platzl.de\/index.php\/wp-json\/wp\/v2\/media?parent=8948"}],"curies":[{"name":"wp","href":"https:\/\/api.w.org\/{rel}","templated":true}]}}