{"id":8887,"date":"2021-06-01T06:54:19","date_gmt":"2021-06-01T04:54:19","guid":{"rendered":"http:\/\/augustiner-wendel.de\/?page_id=8887"},"modified":"2025-11-26T18:11:41","modified_gmt":"2025-11-26T17:11:41","slug":"gutscheine","status":"publish","type":"page","link":"https:\/\/augustiner-am-platzl.de\/index.php\/gutscheine\/","title":{"rendered":"GUTSCHEINE"},"content":{"rendered":"<p>[vc_row disable_element=&#8220;yes&#8220; content_width=&#8220;grid&#8220; content_aligment=&#8220;center&#8220; css=&#8220;.vc_custom_1621499388596{padding-top: 95px !important;padding-bottom: 95px !important;}&#8220;][vc_column offset=&#8220;vc_col-lg-offset-3 vc_col-lg-6 vc_col-md-offset-1 vc_col-md-9&#8243;][vc_single_image image=&#8220;8900&#8243; img_size=&#8220;200px&#8220; alignment=&#8220;center&#8220;]<div class=\"eltd-section-title-outer-holder\" style=\"text-align: center\">\n\n\t\t\t<div class=\"eltd-section-subtitle-holder\">\n\t\t\t<h5 class=\"eltd-section-subtitle\" style=\";;color: #273577;;;;\">\n\t\t\t\tGutscheinshop\t\t\t<\/h5>\n\t\t<\/div>\n\t\n\t\t\t<div class=\"eltd-section-title-title-holder\">\n\t\t\t\t<h2 class=\"eltd-section-title\" style=\";font-size: 60px;;;;;;\">\n\t\t\t\tDES WIRD A GAUDI!\t\t\t\t<\/h2>\n\t\t<\/div>\n\t\n<\/div>[vc_column_text]<\/p>\n<h4 style=\"text-align: center;\">Sie m\u00f6chten einer lieben Person ein L\u00e4cheln aufs Gesicht zaubern? Schenken Sie ihr\/ihm doch einen Augustiner am Platzl Gutschein!<\/h4>\n<h4 style=\"text-align: center;\">Da ist alles drin: Gro\u00dfartiges Bier aus jahrhuntertealter Brautradition, k\u00f6stliche bayerische Schmankerlk\u00fcche und waschechte M\u00fcnchner Wirtshauskultur!<\/h4>\n<p>[\/vc_column_text][vc_empty_space]<a href=\"https:\/\/consumer.vectron.cloud\/voucher\/312479aa-f21d-4605-8de0-0c0ad69538cb\/configuration\" target=\"_blank\"  class=\"eltd-btn eltd-btn-medium eltd-btn-solid eltd-btn-custom-hover-bg eltd-btn-custom-border-hover eltd-btn-hover-animation eltd-btn-sweep-from-left\" data-hover-bg-color=\"#273577\" data-hover-border-color=\"#273577\" >\n\t\t\t<div class=\"eltd-btn-hover-overlay\"><\/div>\n\t    <span class=\"eltd-btn-text\">Jetzt direkt online bestellen!<\/span>\n    <\/a>[\/vc_column][\/vc_row]<\/p>\n","protected":false},"excerpt":{"rendered":"<p>[vc_row disable_element=&#8220;yes&#8220; content_width=&#8220;grid&#8220; content_aligment=&#8220;center&#8220; css=&#8220;.vc_custom_1621499388596{padding-top: 95px !important;padding-bottom: 95px !important;}&#8220;][vc_column offset=&#8220;vc_col-lg-offset-3 vc_col-lg-6 vc_col-md-offset-1 vc_col-md-9&#8243;][vc_single_image image=&#8220;8900&#8243; img_size=&#8220;200px&#8220; alignment=&#8220;center&#8220;][vc_column_text] Sie m\u00f6chten einer lieben Person ein L\u00e4cheln aufs Gesicht zaubern? Schenken Sie ihr\/ihm doch einen Augustiner am Platzl Gutschein! Da ist alles drin: Gro\u00dfartiges Bier aus jahrhuntertealter Brautradition, k\u00f6stliche&#8230;<\/p>\n","protected":false},"author":1,"featured_media":0,"parent":0,"menu_order":0,"comment_status":"closed","ping_status":"closed","template":"full-width.php","meta":{"footnotes":"","_links_to":"","_links_to_target":""},"class_list":["post-8887","page","type-page","status-publish","hentry"],"yoast_head":"<!-- This site is optimized with the Yoast SEO plugin v21.5 - https:\/\/yoast.com\/wordpress\/plugins\/seo\/ -->\n<title>GESCHENKGUTSCHEINE KAUFEN - Augustiner am Platzl<\/title>\n<meta name=\"description\" content=\"Sie m\u00f6chten einer lieben Person ein L\u00e4cheln aufs Gesicht zaubern? Schenken Sie ihr oder ihn\u00b4m doch einen Augustiner am Platzl Gutschein!\" \/>\n<meta name=\"robots\" content=\"index, follow, max-snippet:-1, max-image-preview:large, max-video-preview:-1\" \/>\n<link rel=\"canonical\" href=\"https:\/\/augustiner-am-platzl.de\/index.php\/gutscheine\/\" \/>\n<meta property=\"og:locale\" content=\"de_DE\" \/>\n<meta property=\"og:type\" content=\"article\" \/>\n<meta property=\"og:title\" content=\"GESCHENKGUTSCHEINE KAUFEN - Augustiner am Platzl\" \/>\n<meta property=\"og:description\" content=\"Sie m\u00f6chten einer lieben Person ein L\u00e4cheln aufs Gesicht zaubern? Schenken Sie ihr oder ihn\u00b4m doch einen Augustiner am Platzl Gutschein!\" \/>\n<meta property=\"og:url\" content=\"https:\/\/augustiner-am-platzl.de\/index.php\/gutscheine\/\" \/>\n<meta property=\"og:site_name\" content=\"Augustiner am Platzl\" \/>\n<meta property=\"article:modified_time\" content=\"2025-11-26T17:11:41+00:00\" \/>\n<meta name=\"twitter:card\" content=\"summary_large_image\" \/>\n<meta name=\"twitter:label1\" content=\"Gesch\u00e4tzte Lesezeit\" \/>\n\t<meta name=\"twitter:data1\" content=\"1\u00a0Minute\" \/>\n<script type=\"application\/ld+json\" class=\"yoast-schema-graph\">{\"@context\":\"https:\/\/schema.org\",\"@graph\":[{\"@type\":\"WebPage\",\"@id\":\"https:\/\/augustiner-am-platzl.de\/index.php\/gutscheine\/\",\"url\":\"https:\/\/augustiner-am-platzl.de\/index.php\/gutscheine\/\",\"name\":\"GESCHENKGUTSCHEINE KAUFEN - Augustiner am Platzl\",\"isPartOf\":{\"@id\":\"https:\/\/augustiner-am-platzl.de\/#website\"},\"datePublished\":\"2021-06-01T04:54:19+00:00\",\"dateModified\":\"2025-11-26T17:11:41+00:00\",\"description\":\"Sie m\u00f6chten einer lieben Person ein L\u00e4cheln aufs Gesicht zaubern? Schenken Sie ihr oder ihn\u00b4m doch einen Augustiner am Platzl Gutschein!\",\"breadcrumb\":{\"@id\":\"https:\/\/augustiner-am-platzl.de\/index.php\/gutscheine\/#breadcrumb\"},\"inLanguage\":\"de\",\"potentialAction\":[{\"@type\":\"ReadAction\",\"target\":[\"https:\/\/augustiner-am-platzl.de\/index.php\/gutscheine\/\"]}]},{\"@type\":\"BreadcrumbList\",\"@id\":\"https:\/\/augustiner-am-platzl.de\/index.php\/gutscheine\/#breadcrumb\",\"itemListElement\":[{\"@type\":\"ListItem\",\"position\":1,\"name\":\"Startseite\",\"item\":\"https:\/\/augustiner-am-platzl.de\/\"},{\"@type\":\"ListItem\",\"position\":2,\"name\":\"GUTSCHEINE\"}]},{\"@type\":\"WebSite\",\"@id\":\"https:\/\/augustiner-am-platzl.de\/#website\",\"url\":\"https:\/\/augustiner-am-platzl.de\/\",\"name\":\"Augustiner am Platzl\",\"description\":\"Wirtshaus der Herzen!\",\"publisher\":{\"@id\":\"https:\/\/augustiner-am-platzl.de\/#organization\"},\"potentialAction\":[{\"@type\":\"SearchAction\",\"target\":{\"@type\":\"EntryPoint\",\"urlTemplate\":\"https:\/\/augustiner-am-platzl.de\/?s={search_term_string}\"},\"query-input\":\"required name=search_term_string\"}],\"inLanguage\":\"de\"},{\"@type\":\"Organization\",\"@id\":\"https:\/\/augustiner-am-platzl.de\/#organization\",\"name\":\"Augustiner am Platzl\",\"url\":\"https:\/\/augustiner-am-platzl.de\/\",\"logo\":{\"@type\":\"ImageObject\",\"inLanguage\":\"de\",\"@id\":\"https:\/\/augustiner-am-platzl.de\/#\/schema\/logo\/image\/\",\"url\":\"https:\/\/augustiner-am-platzl.de\/wp-content\/uploads\/2021\/04\/cropped-Thumbnail.png\",\"contentUrl\":\"https:\/\/augustiner-am-platzl.de\/wp-content\/uploads\/2021\/04\/cropped-Thumbnail.png\",\"width\":512,\"height\":512,\"caption\":\"Augustiner am Platzl\"},\"image\":{\"@id\":\"https:\/\/augustiner-am-platzl.de\/#\/schema\/logo\/image\/\"}}]}<\/script>\n<!-- \/ Yoast SEO plugin. -->","yoast_head_json":{"title":"GESCHENKGUTSCHEINE KAUFEN - Augustiner am Platzl","description":"Sie m\u00f6chten einer lieben Person ein L\u00e4cheln aufs Gesicht zaubern? Schenken Sie ihr oder ihn\u00b4m doch einen Augustiner am Platzl Gutschein!","robots":{"index":"index","follow":"follow","max-snippet":"max-snippet:-1","max-image-preview":"max-image-preview:large","max-video-preview":"max-video-preview:-1"},"canonical":"https:\/\/augustiner-am-platzl.de\/index.php\/gutscheine\/","og_locale":"de_DE","og_type":"article","og_title":"GESCHENKGUTSCHEINE KAUFEN - Augustiner am Platzl","og_description":"Sie m\u00f6chten einer lieben Person ein L\u00e4cheln aufs Gesicht zaubern? Schenken Sie ihr oder ihn\u00b4m doch einen Augustiner am Platzl Gutschein!","og_url":"https:\/\/augustiner-am-platzl.de\/index.php\/gutscheine\/","og_site_name":"Augustiner am Platzl","article_modified_time":"2025-11-26T17:11:41+00:00","twitter_card":"summary_large_image","twitter_misc":{"Gesch\u00e4tzte Lesezeit":"1\u00a0Minute"},"schema":{"@context":"https:\/\/schema.org","@graph":[{"@type":"WebPage","@id":"https:\/\/augustiner-am-platzl.de\/index.php\/gutscheine\/","url":"https:\/\/augustiner-am-platzl.de\/index.php\/gutscheine\/","name":"GESCHENKGUTSCHEINE KAUFEN - Augustiner am Platzl","isPartOf":{"@id":"https:\/\/augustiner-am-platzl.de\/#website"},"datePublished":"2021-06-01T04:54:19+00:00","dateModified":"2025-11-26T17:11:41+00:00","description":"Sie m\u00f6chten einer lieben Person ein L\u00e4cheln aufs Gesicht zaubern? Schenken Sie ihr oder ihn\u00b4m doch einen Augustiner am Platzl Gutschein!","breadcrumb":{"@id":"https:\/\/augustiner-am-platzl.de\/index.php\/gutscheine\/#breadcrumb"},"inLanguage":"de","potentialAction":[{"@type":"ReadAction","target":["https:\/\/augustiner-am-platzl.de\/index.php\/gutscheine\/"]}]},{"@type":"BreadcrumbList","@id":"https:\/\/augustiner-am-platzl.de\/index.php\/gutscheine\/#breadcrumb","itemListElement":[{"@type":"ListItem","position":1,"name":"Startseite","item":"https:\/\/augustiner-am-platzl.de\/"},{"@type":"ListItem","position":2,"name":"GUTSCHEINE"}]},{"@type":"WebSite","@id":"https:\/\/augustiner-am-platzl.de\/#website","url":"https:\/\/augustiner-am-platzl.de\/","name":"Augustiner am Platzl","description":"Wirtshaus der Herzen!","publisher":{"@id":"https:\/\/augustiner-am-platzl.de\/#organization"},"potentialAction":[{"@type":"SearchAction","target":{"@type":"EntryPoint","urlTemplate":"https:\/\/augustiner-am-platzl.de\/?s={search_term_string}"},"query-input":"required name=search_term_string"}],"inLanguage":"de"},{"@type":"Organization","@id":"https:\/\/augustiner-am-platzl.de\/#organization","name":"Augustiner am Platzl","url":"https:\/\/augustiner-am-platzl.de\/","logo":{"@type":"ImageObject","inLanguage":"de","@id":"https:\/\/augustiner-am-platzl.de\/#\/schema\/logo\/image\/","url":"https:\/\/augustiner-am-platzl.de\/wp-content\/uploads\/2021\/04\/cropped-Thumbnail.png","contentUrl":"https:\/\/augustiner-am-platzl.de\/wp-content\/uploads\/2021\/04\/cropped-Thumbnail.png","width":512,"height":512,"caption":"Augustiner am Platzl"},"image":{"@id":"https:\/\/augustiner-am-platzl.de\/#\/schema\/logo\/image\/"}}]}},"_links":{"self":[{"href":"https:\/\/augustiner-am-platzl.de\/index.php\/wp-json\/wp\/v2\/pages\/8887","targetHints":{"allow":["GET"]}}],"collection":[{"href":"https:\/\/augustiner-am-platzl.de\/index.php\/wp-json\/wp\/v2\/pages"}],"about":[{"href":"https:\/\/augustiner-am-platzl.de\/index.php\/wp-json\/wp\/v2\/types\/page"}],"author":[{"embeddable":true,"href":"https:\/\/augustiner-am-platzl.de\/index.php\/wp-json\/wp\/v2\/users\/1"}],"replies":[{"embeddable":true,"href":"https:\/\/augustiner-am-platzl.de\/index.php\/wp-json\/wp\/v2\/comments?post=8887"}],"version-history":[{"count":5,"href":"https:\/\/augustiner-am-platzl.de\/index.php\/wp-json\/wp\/v2\/pages\/8887\/revisions"}],"predecessor-version":[{"id":12696,"href":"https:\/\/augustiner-am-platzl.de\/index.php\/wp-json\/wp\/v2\/pages\/8887\/revisions\/12696"}],"wp:attachment":[{"href":"https:\/\/augustiner-am-platzl.de\/index.php\/wp-json\/wp\/v2\/media?parent=8887"}],"curies":[{"name":"wp","href":"https:\/\/api.w.org\/{rel}","templated":true}]}}