{"id":8862,"date":"2021-06-01T12:00:07","date_gmt":"2021-06-01T10:00:07","guid":{"rendered":"http:\/\/augustiner-wendel.de\/?page_id=8862"},"modified":"2025-11-03T13:03:21","modified_gmt":"2025-11-03T12:03:21","slug":"karriere","status":"publish","type":"page","link":"https:\/\/augustiner-am-platzl.de\/index.php\/karriere\/","title":{"rendered":"GESUCHT:"},"content":{"rendered":"<p>[vc_row content_width=&#8220;grid&#8220; content_aligment=&#8220;center&#8220; css=&#8220;.vc_custom_1621438091714{padding-top: 50px !important;padding-bottom: 60px !important;background-color: #ebebeb !important;}&#8220;][vc_column offset=&#8220;vc_col-lg-offset-3 vc_col-lg-6 vc_col-md-offset-1 vc_col-md-10&#8243;][vc_single_image image=&#8220;8409&#8243; alignment=&#8220;center&#8220;]<div class=\"eltd-section-title-outer-holder\" style=\"text-align: center\">\n\n\t\n\t\t\t<div class=\"eltd-section-title-title-holder\">\n\t\t\t\t<h2 class=\"eltd-section-title\" style=\";font-size: 50px;;font-weight: 600;;;letter-spacing: 0.5px;\">\n\t\t\t\tWIR BEWERBEN UNS BEI IHNEN!\t\t\t\t<\/h2>\n\t\t<\/div>\n\t\n<\/div>[vc_column_text]<\/p>\n<h4 style=\"text-align: center;\">Wir bewerben uns bei Ihnen als Arbeitgeber! Werden Sie Mitglied im Augustiner am Platzl-Team! Ein respektvolles Miteinander liegt uns besonders am Herzen. Das &#8222;Wir&#8220; ist uns wichtig. Es ist die Basis unseres Wertesystems.<\/h4>\n<p>[\/vc_column_text][\/vc_column][\/vc_row][vc_row content_width=&#8220;grid&#8220; content_aligment=&#8220;center&#8220; css=&#8220;.vc_custom_1619008306455{padding-top: 30px !important;padding-bottom: 50px !important;}&#8220;][vc_column offset=&#8220;vc_col-lg-offset-3 vc_col-lg-6 vc_col-md-offset-1 vc_col-md-10&#8243; css=&#8220;.vc_custom_1620217739968{margin-bottom: -30px !important;padding-top: 50px !important;}&#8220;]<div class=\"eltd-section-title-outer-holder\" style=\"text-align: center\">\n\n\t\t\t<div class=\"eltd-section-subtitle-holder\">\n\t\t\t<h5 class=\"eltd-section-subtitle\" style=\";;color: #273577;;;;\">\n\t\t\t\tDas spricht f\u00fcr uns:\t\t\t<\/h5>\n\t\t<\/div>\n\t\n\t\t\t<div class=\"eltd-section-title-title-holder\">\n\t\t\t\t<h2 class=\"eltd-section-title\" style=\";font-size: 50px;;font-weight: 600;;;letter-spacing: 0.5px;\">\n\t\t\t\tIHRE VORTEILE\t\t\t\t<\/h2>\n\t\t<\/div>\n\t\n<\/div>[\/vc_column][\/vc_row][vc_row content_width=&#8220;grid&#8220; css=&#8220;.vc_custom_1621438067995{padding-bottom: 20px !important;}&#8220;][vc_column width=&#8220;1\/2&#8243; offset=&#8220;vc_col-lg-offset-0 vc_col-lg-3 vc_col-md-offset-0 vc_col-md-6 vc_col-sm-offset-0&#8243; css=&#8220;.vc_custom_1475578435693{padding-right: 8% !important;padding-left: 8% !important;}&#8220;]<div class=\"eltd-iwt eltd-iwt-icon-top eltd-iwt-icon-tiny\">\n    <div class=\"eltd-iwt-icon-holder\">\n                    <img loading=\"lazy\" decoding=\"async\" width=\"2560\" height=\"2560\" src=\"https:\/\/augustiner-am-platzl.de\/wp-content\/uploads\/2021\/04\/Geldsack-scaled-1.jpg\" class=\"attachment-full size-full\" alt=\"\" srcset=\"https:\/\/augustiner-am-platzl.de\/wp-content\/uploads\/2021\/04\/Geldsack-scaled-1.jpg 2560w, https:\/\/augustiner-am-platzl.de\/wp-content\/uploads\/2021\/04\/Geldsack-scaled-1-300x300.jpg 300w, https:\/\/augustiner-am-platzl.de\/wp-content\/uploads\/2021\/04\/Geldsack-scaled-1-1024x1024.jpg 1024w, https:\/\/augustiner-am-platzl.de\/wp-content\/uploads\/2021\/04\/Geldsack-scaled-1-150x150.jpg 150w, https:\/\/augustiner-am-platzl.de\/wp-content\/uploads\/2021\/04\/Geldsack-scaled-1-768x768.jpg 768w, https:\/\/augustiner-am-platzl.de\/wp-content\/uploads\/2021\/04\/Geldsack-scaled-1-1536x1536.jpg 1536w, https:\/\/augustiner-am-platzl.de\/wp-content\/uploads\/2021\/04\/Geldsack-scaled-1-550x550.jpg 550w, https:\/\/augustiner-am-platzl.de\/wp-content\/uploads\/2021\/04\/Geldsack-scaled-1-1000x1000.jpg 1000w\" sizes=\"auto, (max-width: 2560px) 100vw, 2560px\" \/>            <\/div>\n    <div class=\"eltd-iwt-content-holder\" >\n        <div class=\"eltd-iwt-title-holder\">\n            <h5 >Faire Bezahlung<\/h5>\n        <\/div>\n        <div class=\"eltd-iwt-text-holder\">\n            <p >Attraktive und Leistungsgerechte Verg\u00fctung Ihrer T\u00e4tigkeit ist f\u00fcr uns selbstverst\u00e4ndlich. Qualit\u00e4t hat eben ihren Preis.<\/p>\n\n                    <\/div>\n    <\/div>\n<\/div>[vc_empty_space height=&#8220;40px&#8220;][\/vc_column][vc_column width=&#8220;1\/2&#8243; offset=&#8220;vc_col-lg-offset-0 vc_col-lg-3 vc_col-md-offset-0 vc_col-md-6 vc_col-sm-offset-0&#8243; css=&#8220;.vc_custom_1475578443268{padding-right: 8% !important;padding-left: 8% !important;}&#8220;]<div class=\"eltd-iwt eltd-iwt-icon-top eltd-iwt-icon-tiny\">\n    <div class=\"eltd-iwt-icon-holder\">\n                    <img loading=\"lazy\" decoding=\"async\" width=\"1000\" height=\"955\" src=\"https:\/\/augustiner-am-platzl.de\/wp-content\/uploads\/2021\/05\/Stimmung_smiley-e1622111864173.png\" class=\"attachment-full size-full\" alt=\"\" srcset=\"https:\/\/augustiner-am-platzl.de\/wp-content\/uploads\/2021\/05\/Stimmung_smiley-e1622111864173.png 1000w, https:\/\/augustiner-am-platzl.de\/wp-content\/uploads\/2021\/05\/Stimmung_smiley-e1622111864173-300x287.png 300w, https:\/\/augustiner-am-platzl.de\/wp-content\/uploads\/2021\/05\/Stimmung_smiley-e1622111864173-768x733.png 768w\" sizes=\"auto, (max-width: 1000px) 100vw, 1000px\" \/>            <\/div>\n    <div class=\"eltd-iwt-content-holder\" >\n        <div class=\"eltd-iwt-title-holder\">\n            <h5 >Tolle Atmosph\u00e4re<\/h5>\n        <\/div>\n        <div class=\"eltd-iwt-text-holder\">\n            <p >Unsere Arbeit basiert auf Offenheit, Vertrauen, Teamgeist und Pers\u00f6nlichkeit - das sorgt f\u00fcr ein angenehmes Betriebsklima.<\/p>\n\n                    <\/div>\n    <\/div>\n<\/div>[vc_empty_space height=&#8220;40px&#8220;][\/vc_column][vc_column width=&#8220;1\/2&#8243; offset=&#8220;vc_col-lg-offset-0 vc_col-lg-3 vc_col-md-offset-0 vc_col-md-6 vc_col-sm-offset-0&#8243; css=&#8220;.vc_custom_1475578449353{padding-right: 8% !important;padding-left: 8% !important;}&#8220;]<div class=\"eltd-iwt eltd-iwt-icon-top eltd-iwt-icon-tiny\">\n    <div class=\"eltd-iwt-icon-holder\">\n                    <img loading=\"lazy\" decoding=\"async\" width=\"2560\" height=\"2560\" src=\"https:\/\/augustiner-am-platzl.de\/wp-content\/uploads\/2021\/04\/Uhr-scaled-1.jpg\" class=\"attachment-full size-full\" alt=\"\" srcset=\"https:\/\/augustiner-am-platzl.de\/wp-content\/uploads\/2021\/04\/Uhr-scaled-1.jpg 2560w, https:\/\/augustiner-am-platzl.de\/wp-content\/uploads\/2021\/04\/Uhr-scaled-1-300x300.jpg 300w, https:\/\/augustiner-am-platzl.de\/wp-content\/uploads\/2021\/04\/Uhr-scaled-1-1024x1024.jpg 1024w, https:\/\/augustiner-am-platzl.de\/wp-content\/uploads\/2021\/04\/Uhr-scaled-1-150x150.jpg 150w, https:\/\/augustiner-am-platzl.de\/wp-content\/uploads\/2021\/04\/Uhr-scaled-1-768x768.jpg 768w, https:\/\/augustiner-am-platzl.de\/wp-content\/uploads\/2021\/04\/Uhr-scaled-1-1536x1536.jpg 1536w, https:\/\/augustiner-am-platzl.de\/wp-content\/uploads\/2021\/04\/Uhr-scaled-1-550x550.jpg 550w, https:\/\/augustiner-am-platzl.de\/wp-content\/uploads\/2021\/04\/Uhr-scaled-1-1000x1000.jpg 1000w\" sizes=\"auto, (max-width: 2560px) 100vw, 2560px\" \/>            <\/div>\n    <div class=\"eltd-iwt-content-holder\" >\n        <div class=\"eltd-iwt-title-holder\">\n            <h5 >Planbare Arbeitszeiten<\/h5>\n        <\/div>\n        <div class=\"eltd-iwt-text-holder\">\n            <p >Wir bieten Ihnen feste, planbare Arbeitszeiten f\u00fcr eine geregelte Freizeit - ja, das geht auch in der Gastronomie.<\/p>\n\n                    <\/div>\n    <\/div>\n<\/div>[vc_empty_space height=&#8220;40px&#8220;][\/vc_column][vc_column width=&#8220;1\/2&#8243; offset=&#8220;vc_col-lg-offset-0 vc_col-lg-3 vc_col-md-offset-0 vc_col-md-6 vc_col-sm-offset-0&#8243; css=&#8220;.vc_custom_1475578455300{padding-right: 8% !important;padding-left: 8% !important;}&#8220;]<div class=\"eltd-iwt eltd-iwt-icon-top eltd-iwt-icon-tiny\">\n    <div class=\"eltd-iwt-icon-holder\">\n                    <img loading=\"lazy\" decoding=\"async\" width=\"1000\" height=\"1000\" src=\"https:\/\/augustiner-am-platzl.de\/wp-content\/uploads\/2021\/05\/apple_1000.jpg\" class=\"attachment-full size-full\" alt=\"\" srcset=\"https:\/\/augustiner-am-platzl.de\/wp-content\/uploads\/2021\/05\/apple_1000.jpg 1000w, https:\/\/augustiner-am-platzl.de\/wp-content\/uploads\/2021\/05\/apple_1000-300x300.jpg 300w, https:\/\/augustiner-am-platzl.de\/wp-content\/uploads\/2021\/05\/apple_1000-150x150.jpg 150w, https:\/\/augustiner-am-platzl.de\/wp-content\/uploads\/2021\/05\/apple_1000-768x768.jpg 768w, https:\/\/augustiner-am-platzl.de\/wp-content\/uploads\/2021\/05\/apple_1000-550x550.jpg 550w\" sizes=\"auto, (max-width: 1000px) 100vw, 1000px\" \/>            <\/div>\n    <div class=\"eltd-iwt-content-holder\" >\n        <div class=\"eltd-iwt-title-holder\">\n            <h5 >Gesunde Verpflegung<\/h5>\n        <\/div>\n        <div class=\"eltd-iwt-text-holder\">\n            <p >Leckeres Essen gibt es nicht nur f\u00fcr unsere G\u00e4ste - denn ein gesund ern\u00e4hrtes Team ist ein zufriedenes Team.<\/p>\n\n                    <\/div>\n    <\/div>\n<\/div>[vc_empty_space height=&#8220;40px&#8220;][\/vc_column][\/vc_row][vc_row content_width=&#8220;grid&#8220; content_aligment=&#8220;center&#8220; css=&#8220;.vc_custom_1622032421193{padding-top: 85px !important;padding-bottom: 50px !important;background-color: #ebebeb !important;}&#8220;][vc_column offset=&#8220;vc_col-lg-offset-2 vc_col-lg-8 vc_col-md-offset-1 vc_col-md-10&#8243;]<div class=\"eltd-section-title-outer-holder\" style=\"text-align: center\">\n\n\t\t\t<div class=\"eltd-section-subtitle-holder\">\n\t\t\t<h5 class=\"eltd-section-subtitle\" style=\";;color: #273577;;;;\">\n\t\t\t\tUnsere offenen Stellen\t\t\t<\/h5>\n\t\t<\/div>\n\t\n\t\t\t<div class=\"eltd-section-title-title-holder\">\n\t\t\t\t<h2 class=\"eltd-section-title\" style=\";font-size: 50px;;font-weight: 600;;;letter-spacing: 0.5px;\">\n\t\t\t\tIHR NEUER JOB\t\t\t\t<\/h2>\n\t\t<\/div>\n\t\n<\/div>[vc_row_inner css=&#8220;.vc_custom_1622031479356{padding-top: 30px !important;padding-bottom: 30px !important;}&#8220;][vc_column_inner width=&#8220;1\/2&#8243;][vc_single_image image=&#8220;8864&#8243; img_size=&#8220;full&#8220; alignment=&#8220;center&#8220;][\/vc_column_inner][vc_column_inner width=&#8220;1\/2&#8243;][vc_single_image image=&#8220;10749&#8243; img_size=&#8220;full&#8220; alignment=&#8220;center&#8220;][\/vc_column_inner][\/vc_row_inner][vc_column_text css=&#8220;.vc_custom_1762171398419{padding-bottom: 30px !important;}&#8220;]<\/p>\n<h4 style=\"text-align: center;\"><span style=\"color: #333333;\">Wir suchen aktuell f\u00fcr unser Wirtshaus:<\/span><\/h4>\n<h4 style=\"text-align: center;\"><span style=\"color: #333333;\">KOCH (M|W|D) in Voll- und Teilzeit<br \/>\n<\/span><span style=\"color: #333333;\">K\u00dcCHENHELFER (M|W|D) in Voll- und Teilzeit<br \/>\n<\/span><span style=\"color: #333333;\">SERVICEMITARBEITER (M|W|D) in Voll- und Teilzeit<br \/>\n<\/span><span style=\"color: #333333;\">WERKSSTUDENTEN ALS AUSHILFE IM SERVICE (M|W|D)<br \/>\n<\/span><\/h4>\n<h4 style=\"text-align: center;\"><span style=\"color: #333333;\">\u00a0<\/span><\/h4>\n<h4 style=\"text-align: center;\">Haben wir Ihr Interesse geweckt?<span style=\"color: #273577;\"> <a style=\"color: #273577;\" href=\"mailto:buchhaltung@augustiner-am-platzl.de\">Dann schicken Sie uns gern Ihre Bewerbungsunterlagen per E-Mail!<\/a><\/span><\/h4>\n<p>[\/vc_column_text][\/vc_column][\/vc_row][vc_row content_width=&#8220;grid&#8220; content_aligment=&#8220;center&#8220; css=&#8220;.vc_custom_1622032712039{padding-top: 50px !important;padding-bottom: 50px !important;background-color: #ffffff !important;}&#8220;][vc_column offset=&#8220;vc_col-lg-offset-2 vc_col-lg-8 vc_col-md-offset-1 vc_col-md-10&#8243;][vc_row_inner][vc_column_inner width=&#8220;2\/5&#8243;][vc_single_image image=&#8220;10763&#8243; img_size=&#8220;130&#215;130&#8243; alignment=&#8220;right&#8220; style=&#8220;vc_box_circle_2&#8243; css=&#8220;.vc_custom_1622100579854{padding-right: 5% !important;padding-bottom: 30px !important;}&#8220;][\/vc_column_inner][vc_column_inner width=&#8220;3\/5&#8243;]<div class=\"eltd-section-title-outer-holder\" style=\"text-align: left\">\n\n\t\t\t<div class=\"eltd-section-subtitle-holder\">\n\t\t\t<h5 class=\"eltd-section-subtitle\" style=\";;color: #273577;;;;\">\n\t\t\t\tIhre Ansprechpartnerin\t\t\t<\/h5>\n\t\t<\/div>\n\t\n\t\t\t<div class=\"eltd-section-title-title-holder\">\n\t\t\t\t<h2 class=\"eltd-section-title\" style=\";font-size: 25px;;font-weight: 600;;;letter-spacing: 0.5px;\">\n\t\t\t\tBARBARA WENDEL\t\t\t\t<\/h2>\n\t\t<\/div>\n\t\n<\/div>[vc_column_text]<\/p>\n<h4 style=\"text-align: left;\"><a href=\"tel:+49 89 3701717-0\">Tel. +49 89 3701717-0<\/a><span style=\"color: #333333;\"><br \/>\n<a href=\"mailto:willkommen@augustiner-am-platzl.de\">bw@augustiner-am-platzl.de<\/a><\/span><\/h4>\n<p>[\/vc_column_text][\/vc_column_inner][\/vc_row_inner][\/vc_column][\/vc_row]<\/p>\n","protected":false},"excerpt":{"rendered":"<p>[vc_row content_width=&#8220;grid&#8220; content_aligment=&#8220;center&#8220; css=&#8220;.vc_custom_1621438091714{padding-top: 50px !important;padding-bottom: 60px !important;background-color: #ebebeb !important;}&#8220;][vc_column offset=&#8220;vc_col-lg-offset-3 vc_col-lg-6 vc_col-md-offset-1 vc_col-md-10&#8243;][vc_single_image image=&#8220;8409&#8243; alignment=&#8220;center&#8220;][vc_column_text] Wir bewerben uns bei Ihnen als Arbeitgeber! Werden Sie Mitglied im Augustiner am Platzl-Team! Ein respektvolles Miteinander liegt uns besonders am Herzen. Das &#8222;Wir&#8220; ist uns wichtig. Es ist&#8230;<\/p>\n","protected":false},"author":1,"featured_media":0,"parent":0,"menu_order":0,"comment_status":"closed","ping_status":"closed","template":"full-width.php","meta":{"footnotes":"","_links_to":"","_links_to_target":""},"class_list":["post-8862","page","type-page","status-publish","hentry"],"yoast_head":"<!-- This site is optimized with the Yoast SEO plugin v21.5 - https:\/\/yoast.com\/wordpress\/plugins\/seo\/ -->\n<title>GESUCHT: Menschen mit Geschmack - Karriere im Augustiner am Platzl<\/title>\n<meta name=\"description\" content=\"Wir bewerben uns bei Ihnen als Arbeitgeber! Werden Sie Mitglied im Augustiner am Platzl-Team!\" \/>\n<meta name=\"robots\" content=\"index, follow, max-snippet:-1, max-image-preview:large, max-video-preview:-1\" \/>\n<link rel=\"canonical\" href=\"https:\/\/augustiner-am-platzl.de\/index.php\/karriere\/\" \/>\n<meta property=\"og:locale\" content=\"de_DE\" \/>\n<meta property=\"og:type\" content=\"article\" \/>\n<meta property=\"og:title\" content=\"GESUCHT: Menschen mit Geschmack - Karriere im Augustiner am Platzl\" \/>\n<meta property=\"og:description\" content=\"Wir bewerben uns bei Ihnen als Arbeitgeber! Werden Sie Mitglied im Augustiner am Platzl-Team!\" \/>\n<meta property=\"og:url\" content=\"https:\/\/augustiner-am-platzl.de\/index.php\/karriere\/\" \/>\n<meta property=\"og:site_name\" content=\"Augustiner am Platzl\" \/>\n<meta property=\"article:modified_time\" content=\"2025-11-03T12:03:21+00:00\" \/>\n<meta name=\"twitter:card\" content=\"summary_large_image\" \/>\n<meta name=\"twitter:label1\" content=\"Gesch\u00e4tzte Lesezeit\" \/>\n\t<meta name=\"twitter:data1\" content=\"3\u00a0Minuten\" \/>\n<script type=\"application\/ld+json\" class=\"yoast-schema-graph\">{\"@context\":\"https:\/\/schema.org\",\"@graph\":[{\"@type\":\"WebPage\",\"@id\":\"https:\/\/augustiner-am-platzl.de\/index.php\/karriere\/\",\"url\":\"https:\/\/augustiner-am-platzl.de\/index.php\/karriere\/\",\"name\":\"GESUCHT: Menschen mit Geschmack - Karriere im Augustiner am Platzl\",\"isPartOf\":{\"@id\":\"https:\/\/augustiner-am-platzl.de\/#website\"},\"datePublished\":\"2021-06-01T10:00:07+00:00\",\"dateModified\":\"2025-11-03T12:03:21+00:00\",\"description\":\"Wir bewerben uns bei Ihnen als Arbeitgeber! Werden Sie Mitglied im Augustiner am Platzl-Team!\",\"breadcrumb\":{\"@id\":\"https:\/\/augustiner-am-platzl.de\/index.php\/karriere\/#breadcrumb\"},\"inLanguage\":\"de\",\"potentialAction\":[{\"@type\":\"ReadAction\",\"target\":[\"https:\/\/augustiner-am-platzl.de\/index.php\/karriere\/\"]}]},{\"@type\":\"BreadcrumbList\",\"@id\":\"https:\/\/augustiner-am-platzl.de\/index.php\/karriere\/#breadcrumb\",\"itemListElement\":[{\"@type\":\"ListItem\",\"position\":1,\"name\":\"Startseite\",\"item\":\"https:\/\/augustiner-am-platzl.de\/\"},{\"@type\":\"ListItem\",\"position\":2,\"name\":\"GESUCHT:\"}]},{\"@type\":\"WebSite\",\"@id\":\"https:\/\/augustiner-am-platzl.de\/#website\",\"url\":\"https:\/\/augustiner-am-platzl.de\/\",\"name\":\"Augustiner am Platzl\",\"description\":\"Wirtshaus der Herzen!\",\"publisher\":{\"@id\":\"https:\/\/augustiner-am-platzl.de\/#organization\"},\"potentialAction\":[{\"@type\":\"SearchAction\",\"target\":{\"@type\":\"EntryPoint\",\"urlTemplate\":\"https:\/\/augustiner-am-platzl.de\/?s={search_term_string}\"},\"query-input\":\"required name=search_term_string\"}],\"inLanguage\":\"de\"},{\"@type\":\"Organization\",\"@id\":\"https:\/\/augustiner-am-platzl.de\/#organization\",\"name\":\"Augustiner am Platzl\",\"url\":\"https:\/\/augustiner-am-platzl.de\/\",\"logo\":{\"@type\":\"ImageObject\",\"inLanguage\":\"de\",\"@id\":\"https:\/\/augustiner-am-platzl.de\/#\/schema\/logo\/image\/\",\"url\":\"https:\/\/augustiner-am-platzl.de\/wp-content\/uploads\/2021\/04\/cropped-Thumbnail.png\",\"contentUrl\":\"https:\/\/augustiner-am-platzl.de\/wp-content\/uploads\/2021\/04\/cropped-Thumbnail.png\",\"width\":512,\"height\":512,\"caption\":\"Augustiner am Platzl\"},\"image\":{\"@id\":\"https:\/\/augustiner-am-platzl.de\/#\/schema\/logo\/image\/\"}}]}<\/script>\n<!-- \/ Yoast SEO plugin. -->","yoast_head_json":{"title":"GESUCHT: Menschen mit Geschmack - Karriere im Augustiner am Platzl","description":"Wir bewerben uns bei Ihnen als Arbeitgeber! Werden Sie Mitglied im Augustiner am Platzl-Team!","robots":{"index":"index","follow":"follow","max-snippet":"max-snippet:-1","max-image-preview":"max-image-preview:large","max-video-preview":"max-video-preview:-1"},"canonical":"https:\/\/augustiner-am-platzl.de\/index.php\/karriere\/","og_locale":"de_DE","og_type":"article","og_title":"GESUCHT: Menschen mit Geschmack - Karriere im Augustiner am Platzl","og_description":"Wir bewerben uns bei Ihnen als Arbeitgeber! Werden Sie Mitglied im Augustiner am Platzl-Team!","og_url":"https:\/\/augustiner-am-platzl.de\/index.php\/karriere\/","og_site_name":"Augustiner am Platzl","article_modified_time":"2025-11-03T12:03:21+00:00","twitter_card":"summary_large_image","twitter_misc":{"Gesch\u00e4tzte Lesezeit":"3\u00a0Minuten"},"schema":{"@context":"https:\/\/schema.org","@graph":[{"@type":"WebPage","@id":"https:\/\/augustiner-am-platzl.de\/index.php\/karriere\/","url":"https:\/\/augustiner-am-platzl.de\/index.php\/karriere\/","name":"GESUCHT: Menschen mit Geschmack - Karriere im Augustiner am Platzl","isPartOf":{"@id":"https:\/\/augustiner-am-platzl.de\/#website"},"datePublished":"2021-06-01T10:00:07+00:00","dateModified":"2025-11-03T12:03:21+00:00","description":"Wir bewerben uns bei Ihnen als Arbeitgeber! Werden Sie Mitglied im Augustiner am Platzl-Team!","breadcrumb":{"@id":"https:\/\/augustiner-am-platzl.de\/index.php\/karriere\/#breadcrumb"},"inLanguage":"de","potentialAction":[{"@type":"ReadAction","target":["https:\/\/augustiner-am-platzl.de\/index.php\/karriere\/"]}]},{"@type":"BreadcrumbList","@id":"https:\/\/augustiner-am-platzl.de\/index.php\/karriere\/#breadcrumb","itemListElement":[{"@type":"ListItem","position":1,"name":"Startseite","item":"https:\/\/augustiner-am-platzl.de\/"},{"@type":"ListItem","position":2,"name":"GESUCHT:"}]},{"@type":"WebSite","@id":"https:\/\/augustiner-am-platzl.de\/#website","url":"https:\/\/augustiner-am-platzl.de\/","name":"Augustiner am Platzl","description":"Wirtshaus der Herzen!","publisher":{"@id":"https:\/\/augustiner-am-platzl.de\/#organization"},"potentialAction":[{"@type":"SearchAction","target":{"@type":"EntryPoint","urlTemplate":"https:\/\/augustiner-am-platzl.de\/?s={search_term_string}"},"query-input":"required name=search_term_string"}],"inLanguage":"de"},{"@type":"Organization","@id":"https:\/\/augustiner-am-platzl.de\/#organization","name":"Augustiner am Platzl","url":"https:\/\/augustiner-am-platzl.de\/","logo":{"@type":"ImageObject","inLanguage":"de","@id":"https:\/\/augustiner-am-platzl.de\/#\/schema\/logo\/image\/","url":"https:\/\/augustiner-am-platzl.de\/wp-content\/uploads\/2021\/04\/cropped-Thumbnail.png","contentUrl":"https:\/\/augustiner-am-platzl.de\/wp-content\/uploads\/2021\/04\/cropped-Thumbnail.png","width":512,"height":512,"caption":"Augustiner am Platzl"},"image":{"@id":"https:\/\/augustiner-am-platzl.de\/#\/schema\/logo\/image\/"}}]}},"_links":{"self":[{"href":"https:\/\/augustiner-am-platzl.de\/index.php\/wp-json\/wp\/v2\/pages\/8862","targetHints":{"allow":["GET"]}}],"collection":[{"href":"https:\/\/augustiner-am-platzl.de\/index.php\/wp-json\/wp\/v2\/pages"}],"about":[{"href":"https:\/\/augustiner-am-platzl.de\/index.php\/wp-json\/wp\/v2\/types\/page"}],"author":[{"embeddable":true,"href":"https:\/\/augustiner-am-platzl.de\/index.php\/wp-json\/wp\/v2\/users\/1"}],"replies":[{"embeddable":true,"href":"https:\/\/augustiner-am-platzl.de\/index.php\/wp-json\/wp\/v2\/comments?post=8862"}],"version-history":[{"count":98,"href":"https:\/\/augustiner-am-platzl.de\/index.php\/wp-json\/wp\/v2\/pages\/8862\/revisions"}],"predecessor-version":[{"id":12680,"href":"https:\/\/augustiner-am-platzl.de\/index.php\/wp-json\/wp\/v2\/pages\/8862\/revisions\/12680"}],"wp:attachment":[{"href":"https:\/\/augustiner-am-platzl.de\/index.php\/wp-json\/wp\/v2\/media?parent=8862"}],"curies":[{"name":"wp","href":"https:\/\/api.w.org\/{rel}","templated":true}]}}