{"id":1877,"date":"2021-06-01T09:09:45","date_gmt":"2021-06-01T07:09:45","guid":{"rendered":"http:\/\/savory.elated-themes.com\/?page_id=1877"},"modified":"2023-11-03T16:56:03","modified_gmt":"2023-11-03T15:56:03","slug":"kontakt","status":"publish","type":"page","link":"https:\/\/augustiner-am-platzl.de\/index.php\/kontakt\/","title":{"rendered":"KONTAKT"},"content":{"rendered":"<p>[vc_row content_width=&#8220;grid&#8220; css=&#8220;.vc_custom_1475669197676{padding-top: 100px !important;padding-bottom: 50px !important;}&#8220;][vc_column]<div class=\"eltd-section-title-outer-holder\" style=\"text-align: left\">\n\n\t\t\t<div class=\"eltd-section-subtitle-holder\">\n\t\t\t<h5 class=\"eltd-section-subtitle\" style=\";;color: #273577;;;;\">\n\t\t\t\tKontakt und Anfahrt\t\t\t<\/h5>\n\t\t<\/div>\n\t\n\t\t\t<div class=\"eltd-section-title-title-holder\">\n\t\t\t\t<h2 class=\"eltd-section-title\" style=\";font-size: 50px;;font-weight: 600;line-height: 63px;text-transform: Uppercase;letter-spacing: 5px;\">\n\t\t\t\tWir freuen uns auf Ihren Besuch!\t\t\t\t<\/h2>\n\t\t<\/div>\n\t\n<\/div>[vc_empty_space height=&#8220;50px&#8220;][\/vc_column][vc_column offset=&#8220;vc_col-lg-6 vc_col-md-12&#8243;][vc_single_image image=&#8220;9940&#8243; img_size=&#8220;full&#8220;][vc_empty_space height=&#8220;50&#8243;][\/vc_column][vc_column offset=&#8220;vc_col-lg-6 vc_col-md-12&#8243;]<div class=\"eltd-accordion-holder clearfix eltd-accordion eltd-boxed\">\n\t<h6 class=\"clearfix eltd-title-holder\">\n\t<span class=\"eltd-accordion-mark eltd-left-mark\">\n\t\t<span class=\"eltd-accordion-mark-icon\">\n\t\t\t<span class=\"icon_plus\"><\/span>\n\t\t\t<span class=\"icon_minus-06\"><\/span>\n\t\t<\/span>\n\t<\/span>\n\t<span class=\"eltd-tab-title\">\n\t\t<span class=\"eltd-tab-title-inner\">\n\t\t\t\u00d6ffnungszeiten\t\t<\/span>\n\t<\/span>\n<\/h6>\n<div class=\"eltd-accordion-content\" >\n\t<div class=\"eltd-accordion-content-inner\">\n\t\t[vc_column_text]<span style=\"color: #333333;\"><strong>\u00d6ffnungszeiten<\/strong><\/span><br \/>\n<span style=\"color: #333333;\">Montag \u2013 Mittwoch: 10.00 Uhr \u2013 23.00 Uhr<br \/>\n<\/span><span style=\"color: #333333;\">Donnerstag \u2013 Samstag: 10.00 Uhr \u2013 00.00 Uhr<\/span><br \/>\n<span style=\"color: #333333;\">Sonntag: Ruhetag*<br \/>\n<\/span><span style=\"color: #333333;\"><strong>Warme K\u00fcche<\/strong><br \/>\nMontag \u2013\u00a0Samstag: 10.30 Uhr \u2013 22.00 Uhr<\/span><\/p>\n<p><span style=\"color: #333333;\"><strong>*Hinweis<\/strong> \u2013 au\u00dfer wenn der FCB an Sonntagen ein Heimspiel hat und an den Adventssonntagen und Oktoberfest \u2013 da haben wir auch am Sonntag von 10.00 &#8211; 23.00 Uhr ge\u00f6ffnet<\/span><\/p>\n<p><span style=\"color: #333333;\"><strong>\u00d6ffnungszeiten Weihnachten \/ Silvester 2023\/24<\/strong><br \/>\n24.12. &#8211; geschlossen<br \/>\n25.12. &#8211; geschlossen<br \/>\n26.12. &#8211; 10.00 bis 23.00 Uhr<br \/>\n31.12. &#8211; 10.00 bis 18.00 Uhr\/ K\u00fcche bis 17.00 Uhr<br \/>\n01.01. &#8211; 10.00 Uhr bis 23.00 Uhr <\/span><span style=\"color: #333333;\">\u00a0<\/span>[\/vc_column_text]\t<\/div>\n<\/div><h6 class=\"clearfix eltd-title-holder\">\n\t<span class=\"eltd-accordion-mark eltd-left-mark\">\n\t\t<span class=\"eltd-accordion-mark-icon\">\n\t\t\t<span class=\"icon_plus\"><\/span>\n\t\t\t<span class=\"icon_minus-06\"><\/span>\n\t\t<\/span>\n\t<\/span>\n\t<span class=\"eltd-tab-title\">\n\t\t<span class=\"eltd-tab-title-inner\">\n\t\t\tKontakt\t\t<\/span>\n\t<\/span>\n<\/h6>\n<div class=\"eltd-accordion-content\" >\n\t<div class=\"eltd-accordion-content-inner\">\n\t\t[vc_column_text]<span style=\"color: #333333;\"><strong>Augustiner am Platzl<\/strong><\/span><br \/>\n<span style=\"color: #333333;\">Orlandostra\u00dfe 5<\/span><br \/>\n<span style=\"color: #333333;\">80331 M\u00fcnchen<\/span><\/p>\n<p><span style=\"color: #333333;\"><a style=\"color: #333333;\" href=\"tel:+49 89 211 135-6\"><strong>Telefon:<\/strong> <\/a><a style=\"color: #333333;\" href=\"tel:+49 89 3701717-0\">+49 89 3701717-0<\/a><\/span><br \/>\n<span style=\"color: #333333;\"><a style=\"color: #333333;\" href=\"mailto:willkommen@augustiner-am-platzl.de\"><strong>E-Mail:<\/strong> willkommen@augustiner-am-platzl.de<\/a><\/span>[\/vc_column_text]\t<\/div>\n<\/div><h6 class=\"clearfix eltd-title-holder\">\n\t<span class=\"eltd-accordion-mark eltd-left-mark\">\n\t\t<span class=\"eltd-accordion-mark-icon\">\n\t\t\t<span class=\"icon_plus\"><\/span>\n\t\t\t<span class=\"icon_minus-06\"><\/span>\n\t\t<\/span>\n\t<\/span>\n\t<span class=\"eltd-tab-title\">\n\t\t<span class=\"eltd-tab-title-inner\">\n\t\t\tAnreise mit dem Auto\t\t<\/span>\n\t<\/span>\n<\/h6>\n<div class=\"eltd-accordion-content\" >\n\t<div class=\"eltd-accordion-content-inner\">\n\t\t[vc_column_text]<span style=\"color: #333333;\"><strong>Parkm\u00f6glichkeiten<\/strong><\/span><\/p>\n<p><span style=\"color: #333333;\">In unmittelbarer N\u00e4he sind drei gro\u00dfe Parkh\u00e4user zu finden: Das Parkhaus Hofbr\u00e4uhaus (durchgehend ge\u00f6ffnet), die Tiefgarage Marienplatz (durchgehend ge\u00f6ffnet) und das Parkhaus an der Oper (6:00 &#8211; 02:00 Uhr ge\u00f6ffnet).<\/span>[\/vc_column_text]\t<\/div>\n<\/div><h6 class=\"clearfix eltd-title-holder\">\n\t<span class=\"eltd-accordion-mark eltd-left-mark\">\n\t\t<span class=\"eltd-accordion-mark-icon\">\n\t\t\t<span class=\"icon_plus\"><\/span>\n\t\t\t<span class=\"icon_minus-06\"><\/span>\n\t\t<\/span>\n\t<\/span>\n\t<span class=\"eltd-tab-title\">\n\t\t<span class=\"eltd-tab-title-inner\">\n\t\t\tAnreise mit \u00f6ffentlichen Verkehrsmitteln\t\t<\/span>\n\t<\/span>\n<\/h6>\n<div class=\"eltd-accordion-content\" >\n\t<div class=\"eltd-accordion-content-inner\">\n\t\t[vc_column_text]<span style=\"color: #333333;\">Das Augustiner am Platzl ist von der <strong>Haltestelle Marienplatz<\/strong> zu Fu\u00df in unter f\u00fcnf Minuten erreichbar. Dorthin gelangen Sie mit <strong>allen M\u00fcnchner S-Bahn-Linien<\/strong>, sowie den <strong>U-Bahn-Linien U3 und U6<\/strong> und der <strong>Busline 132<\/strong>.<\/span>[\/vc_column_text]\t<\/div>\n<\/div><\/div>[vc_empty_space height=&#8220;50&#8243;][\/vc_column][\/vc_row][vc_row disable_element=&#8220;yes&#8220; row_type=&#8220;parallax&#8220; content_width=&#8220;grid&#8220; full_screen_section_height=&#8220;no&#8220; parallax_background_image=&#8220;6486&#8243; css=&#8220;.vc_custom_1618408417464{padding-top: 100px !important;padding-bottom: 100px !important;background-color: #f3f2f2 !important;}&#8220;][vc_column]<div class=\"eltd-accordion-holder clearfix eltd-accordion eltd-boxed\">\n\t<h6 class=\"clearfix eltd-title-holder\">\n\t<span class=\"eltd-accordion-mark eltd-left-mark\">\n\t\t<span class=\"eltd-accordion-mark-icon\">\n\t\t\t<span class=\"icon_plus\"><\/span>\n\t\t\t<span class=\"icon_minus-06\"><\/span>\n\t\t<\/span>\n\t<\/span>\n\t<span class=\"eltd-tab-title\">\n\t\t<span class=\"eltd-tab-title-inner\">\n\t\t\tThe Future Of Marketing\t\t<\/span>\n\t<\/span>\n<\/h6>\n<div class=\"eltd-accordion-content\" >\n\t<div class=\"eltd-accordion-content-inner\">\n\t\t[vc_column_text]Sed ut perspiciatis unde omnis iste natus error sit voluptatem accusantium doloremque laudantium, totam rem aperiam perspiciatis unde omnis totam rem perspiciatis doloremque laudantium.Lorem ipsum dolor sit amet, ei quem labitur pertinax sea, sit ea detracto prodesset. Assum periculis mea te, id atqui aperiri eum. No vim laoreet constituto voluptatum. Mel postea conceptam efficiendi cu, ferri senserit ei pri. Sit at dolores apeirian phaedrum, quo erat argumentum ex, mea debet errem ullamcorper ne. Sumo exerci placerat nam te, ludus omnes vel te, sit an dolorum intellegat. Pro in populo oblique, an cum vocent theophrastus, ei esse nihil periculis.[\/vc_column_text]\t<\/div>\n<\/div><h6 class=\"clearfix eltd-title-holder\">\n\t<span class=\"eltd-accordion-mark eltd-left-mark\">\n\t\t<span class=\"eltd-accordion-mark-icon\">\n\t\t\t<span class=\"icon_plus\"><\/span>\n\t\t\t<span class=\"icon_minus-06\"><\/span>\n\t\t<\/span>\n\t<\/span>\n\t<span class=\"eltd-tab-title\">\n\t\t<span class=\"eltd-tab-title-inner\">\n\t\t\tCross-Over Benefits\t\t<\/span>\n\t<\/span>\n<\/h6>\n<div class=\"eltd-accordion-content\" >\n\t<div class=\"eltd-accordion-content-inner\">\n\t\t[vc_column_text]Lorem ipsum dolor sit amet, ei quem labitur pertinax sea, sit ea detracto prodesset. Assum periculis mea te, id atqui aperiri eum. No vim laoreet constituto voluptatum. Mel postea conceptam efficiendi cu, ferri senserit ei pri. Sit at dolores apeirian phaedrum, quo erat argumentum ex, mea debet errem ullamcorper ne. Sumo exerci placerat nam te, ludus omnes vel te, sit an dolorum intellegat. Pro in populo oblique, an cum vocent theophrastus, ei esse nihil periculis duo.Sed ut perspiciatis unde omnis iste natus error sit voluptatem accusantium doloremque laudantium, totam rem aperiam perspiciatis unde omnis totam rem perspiciatis doloremque laudantium.[\/vc_column_text]\t<\/div>\n<\/div><h6 class=\"clearfix eltd-title-holder\">\n\t<span class=\"eltd-accordion-mark eltd-left-mark\">\n\t\t<span class=\"eltd-accordion-mark-icon\">\n\t\t\t<span class=\"icon_plus\"><\/span>\n\t\t\t<span class=\"icon_minus-06\"><\/span>\n\t\t<\/span>\n\t<\/span>\n\t<span class=\"eltd-tab-title\">\n\t\t<span class=\"eltd-tab-title-inner\">\n\t\t\tPer Month or 10$ Daily\t\t<\/span>\n\t<\/span>\n<\/h6>\n<div class=\"eltd-accordion-content\" >\n\t<div class=\"eltd-accordion-content-inner\">\n\t\t[vc_column_text]Perspiciatis unde omnis iste natus error sit voluptatem accusantium doloremque laudantium, totam rem aperiam perspiciatis unde omnis totam rem perspiciatis doloremque laudantium.Lorem ipsum dolor sit amet, ei quem labitur pertinax sea, sit ea detracto prodesset. Assum periculis mea te, id atqui aperiri eum. No vim laoreet constituto voluptatum. Mel postea conceptam efficiendi cu, ferri senserit ei pri. Sit at dolores apeirian phaedrum, quo erat argumentum ex, mea debet errem ullamcorper ne. Sumo exerci placerat nam te, ludus omnes vel te, sit an dolorum intellegat. Pro in populo oblique, an cum vocent theophrastus, ei esse nihil periculis.[\/vc_column_text]\t<\/div>\n<\/div><\/div>[\/vc_column][\/vc_row]<\/p>\n","protected":false},"excerpt":{"rendered":"<p>[vc_row content_width=&#8220;grid&#8220; css=&#8220;.vc_custom_1475669197676{padding-top: 100px !important;padding-bottom: 50px !important;}&#8220;][vc_column][vc_empty_space height=&#8220;50px&#8220;][\/vc_column][vc_column offset=&#8220;vc_col-lg-6 vc_col-md-12&#8243;][vc_single_image image=&#8220;9940&#8243; img_size=&#8220;full&#8220;][vc_empty_space height=&#8220;50&#8243;][\/vc_column][vc_column offset=&#8220;vc_col-lg-6 vc_col-md-12&#8243;][vc_empty_space height=&#8220;50&#8243;][\/vc_column][\/vc_row][vc_row disable_element=&#8220;yes&#8220; row_type=&#8220;parallax&#8220; content_width=&#8220;grid&#8220; full_screen_section_height=&#8220;no&#8220; parallax_background_image=&#8220;6486&#8243; css=&#8220;.vc_custom_1618408417464{padding-top: 100px !important;padding-bottom: 100px !important;background-color: #f3f2f2 !important;}&#8220;][vc_column][\/vc_column][\/vc_row]<\/p>\n","protected":false},"author":1,"featured_media":0,"parent":0,"menu_order":0,"comment_status":"closed","ping_status":"closed","template":"full-width.php","meta":{"footnotes":"","_links_to":"","_links_to_target":""},"class_list":["post-1877","page","type-page","status-publish","hentry"],"yoast_head":"<!-- This site is optimized with the Yoast SEO plugin v21.5 - https:\/\/yoast.com\/wordpress\/plugins\/seo\/ -->\n<title>KONTAKT - Augustiner am Platzl<\/title>\n<meta name=\"description\" content=\"Augustiner am Platzl - Orlandostra\u00dfe 5 - 80331 M\u00fcnchen - Telefon: +49 89 3701717-0 - E-Mail: willkommen@augustiner-am-platzl.de\" \/>\n<meta name=\"robots\" content=\"index, follow, max-snippet:-1, max-image-preview:large, max-video-preview:-1\" \/>\n<link rel=\"canonical\" href=\"https:\/\/augustiner-am-platzl.de\/index.php\/kontakt\/\" \/>\n<meta property=\"og:locale\" content=\"de_DE\" \/>\n<meta property=\"og:type\" content=\"article\" \/>\n<meta property=\"og:title\" content=\"KONTAKT - Augustiner am Platzl\" \/>\n<meta property=\"og:description\" content=\"Augustiner am Platzl - Orlandostra\u00dfe 5 - 80331 M\u00fcnchen - Telefon: +49 89 3701717-0 - E-Mail: willkommen@augustiner-am-platzl.de\" \/>\n<meta property=\"og:url\" content=\"https:\/\/augustiner-am-platzl.de\/index.php\/kontakt\/\" \/>\n<meta property=\"og:site_name\" content=\"Augustiner am Platzl\" \/>\n<meta property=\"article:modified_time\" content=\"2023-11-03T15:56:03+00:00\" \/>\n<meta name=\"twitter:card\" content=\"summary_large_image\" \/>\n<meta name=\"twitter:label1\" content=\"Gesch\u00e4tzte Lesezeit\" \/>\n\t<meta name=\"twitter:data1\" content=\"3\u00a0Minuten\" \/>\n<script type=\"application\/ld+json\" class=\"yoast-schema-graph\">{\"@context\":\"https:\/\/schema.org\",\"@graph\":[{\"@type\":[\"WebPage\",\"ContactPage\"],\"@id\":\"https:\/\/augustiner-am-platzl.de\/index.php\/kontakt\/\",\"url\":\"https:\/\/augustiner-am-platzl.de\/index.php\/kontakt\/\",\"name\":\"KONTAKT - Augustiner am Platzl\",\"isPartOf\":{\"@id\":\"https:\/\/augustiner-am-platzl.de\/#website\"},\"datePublished\":\"2021-06-01T07:09:45+00:00\",\"dateModified\":\"2023-11-03T15:56:03+00:00\",\"description\":\"Augustiner am Platzl - Orlandostra\u00dfe 5 - 80331 M\u00fcnchen - Telefon: +49 89 3701717-0 - E-Mail: willkommen@augustiner-am-platzl.de\",\"breadcrumb\":{\"@id\":\"https:\/\/augustiner-am-platzl.de\/index.php\/kontakt\/#breadcrumb\"},\"inLanguage\":\"de\",\"potentialAction\":[{\"@type\":\"ReadAction\",\"target\":[\"https:\/\/augustiner-am-platzl.de\/index.php\/kontakt\/\"]}]},{\"@type\":\"BreadcrumbList\",\"@id\":\"https:\/\/augustiner-am-platzl.de\/index.php\/kontakt\/#breadcrumb\",\"itemListElement\":[{\"@type\":\"ListItem\",\"position\":1,\"name\":\"Startseite\",\"item\":\"https:\/\/augustiner-am-platzl.de\/\"},{\"@type\":\"ListItem\",\"position\":2,\"name\":\"KONTAKT\"}]},{\"@type\":\"WebSite\",\"@id\":\"https:\/\/augustiner-am-platzl.de\/#website\",\"url\":\"https:\/\/augustiner-am-platzl.de\/\",\"name\":\"Augustiner am Platzl\",\"description\":\"Wirtshaus der Herzen!\",\"publisher\":{\"@id\":\"https:\/\/augustiner-am-platzl.de\/#organization\"},\"potentialAction\":[{\"@type\":\"SearchAction\",\"target\":{\"@type\":\"EntryPoint\",\"urlTemplate\":\"https:\/\/augustiner-am-platzl.de\/?s={search_term_string}\"},\"query-input\":\"required name=search_term_string\"}],\"inLanguage\":\"de\"},{\"@type\":\"Organization\",\"@id\":\"https:\/\/augustiner-am-platzl.de\/#organization\",\"name\":\"Augustiner am Platzl\",\"url\":\"https:\/\/augustiner-am-platzl.de\/\",\"logo\":{\"@type\":\"ImageObject\",\"inLanguage\":\"de\",\"@id\":\"https:\/\/augustiner-am-platzl.de\/#\/schema\/logo\/image\/\",\"url\":\"https:\/\/augustiner-am-platzl.de\/wp-content\/uploads\/2021\/04\/cropped-Thumbnail.png\",\"contentUrl\":\"https:\/\/augustiner-am-platzl.de\/wp-content\/uploads\/2021\/04\/cropped-Thumbnail.png\",\"width\":512,\"height\":512,\"caption\":\"Augustiner am Platzl\"},\"image\":{\"@id\":\"https:\/\/augustiner-am-platzl.de\/#\/schema\/logo\/image\/\"}}]}<\/script>\n<!-- \/ Yoast SEO plugin. -->","yoast_head_json":{"title":"KONTAKT - Augustiner am Platzl","description":"Augustiner am Platzl - Orlandostra\u00dfe 5 - 80331 M\u00fcnchen - Telefon: +49 89 3701717-0 - E-Mail: willkommen@augustiner-am-platzl.de","robots":{"index":"index","follow":"follow","max-snippet":"max-snippet:-1","max-image-preview":"max-image-preview:large","max-video-preview":"max-video-preview:-1"},"canonical":"https:\/\/augustiner-am-platzl.de\/index.php\/kontakt\/","og_locale":"de_DE","og_type":"article","og_title":"KONTAKT - Augustiner am Platzl","og_description":"Augustiner am Platzl - Orlandostra\u00dfe 5 - 80331 M\u00fcnchen - Telefon: +49 89 3701717-0 - E-Mail: willkommen@augustiner-am-platzl.de","og_url":"https:\/\/augustiner-am-platzl.de\/index.php\/kontakt\/","og_site_name":"Augustiner am Platzl","article_modified_time":"2023-11-03T15:56:03+00:00","twitter_card":"summary_large_image","twitter_misc":{"Gesch\u00e4tzte Lesezeit":"3\u00a0Minuten"},"schema":{"@context":"https:\/\/schema.org","@graph":[{"@type":["WebPage","ContactPage"],"@id":"https:\/\/augustiner-am-platzl.de\/index.php\/kontakt\/","url":"https:\/\/augustiner-am-platzl.de\/index.php\/kontakt\/","name":"KONTAKT - Augustiner am Platzl","isPartOf":{"@id":"https:\/\/augustiner-am-platzl.de\/#website"},"datePublished":"2021-06-01T07:09:45+00:00","dateModified":"2023-11-03T15:56:03+00:00","description":"Augustiner am Platzl - Orlandostra\u00dfe 5 - 80331 M\u00fcnchen - Telefon: +49 89 3701717-0 - E-Mail: willkommen@augustiner-am-platzl.de","breadcrumb":{"@id":"https:\/\/augustiner-am-platzl.de\/index.php\/kontakt\/#breadcrumb"},"inLanguage":"de","potentialAction":[{"@type":"ReadAction","target":["https:\/\/augustiner-am-platzl.de\/index.php\/kontakt\/"]}]},{"@type":"BreadcrumbList","@id":"https:\/\/augustiner-am-platzl.de\/index.php\/kontakt\/#breadcrumb","itemListElement":[{"@type":"ListItem","position":1,"name":"Startseite","item":"https:\/\/augustiner-am-platzl.de\/"},{"@type":"ListItem","position":2,"name":"KONTAKT"}]},{"@type":"WebSite","@id":"https:\/\/augustiner-am-platzl.de\/#website","url":"https:\/\/augustiner-am-platzl.de\/","name":"Augustiner am Platzl","description":"Wirtshaus der Herzen!","publisher":{"@id":"https:\/\/augustiner-am-platzl.de\/#organization"},"potentialAction":[{"@type":"SearchAction","target":{"@type":"EntryPoint","urlTemplate":"https:\/\/augustiner-am-platzl.de\/?s={search_term_string}"},"query-input":"required name=search_term_string"}],"inLanguage":"de"},{"@type":"Organization","@id":"https:\/\/augustiner-am-platzl.de\/#organization","name":"Augustiner am Platzl","url":"https:\/\/augustiner-am-platzl.de\/","logo":{"@type":"ImageObject","inLanguage":"de","@id":"https:\/\/augustiner-am-platzl.de\/#\/schema\/logo\/image\/","url":"https:\/\/augustiner-am-platzl.de\/wp-content\/uploads\/2021\/04\/cropped-Thumbnail.png","contentUrl":"https:\/\/augustiner-am-platzl.de\/wp-content\/uploads\/2021\/04\/cropped-Thumbnail.png","width":512,"height":512,"caption":"Augustiner am Platzl"},"image":{"@id":"https:\/\/augustiner-am-platzl.de\/#\/schema\/logo\/image\/"}}]}},"_links":{"self":[{"href":"https:\/\/augustiner-am-platzl.de\/index.php\/wp-json\/wp\/v2\/pages\/1877","targetHints":{"allow":["GET"]}}],"collection":[{"href":"https:\/\/augustiner-am-platzl.de\/index.php\/wp-json\/wp\/v2\/pages"}],"about":[{"href":"https:\/\/augustiner-am-platzl.de\/index.php\/wp-json\/wp\/v2\/types\/page"}],"author":[{"embeddable":true,"href":"https:\/\/augustiner-am-platzl.de\/index.php\/wp-json\/wp\/v2\/users\/1"}],"replies":[{"embeddable":true,"href":"https:\/\/augustiner-am-platzl.de\/index.php\/wp-json\/wp\/v2\/comments?post=1877"}],"version-history":[{"count":38,"href":"https:\/\/augustiner-am-platzl.de\/index.php\/wp-json\/wp\/v2\/pages\/1877\/revisions"}],"predecessor-version":[{"id":12032,"href":"https:\/\/augustiner-am-platzl.de\/index.php\/wp-json\/wp\/v2\/pages\/1877\/revisions\/12032"}],"wp:attachment":[{"href":"https:\/\/augustiner-am-platzl.de\/index.php\/wp-json\/wp\/v2\/media?parent=1877"}],"curies":[{"name":"wp","href":"https:\/\/api.w.org\/{rel}","templated":true}]}}