{"id":11579,"date":"2022-02-10T15:30:09","date_gmt":"2022-02-10T14:30:09","guid":{"rendered":"https:\/\/augustiner-am-platzl.de\/?page_id=11579"},"modified":"2022-02-11T15:42:58","modified_gmt":"2022-02-11T14:42:58","slug":"reserve-a-table","status":"publish","type":"page","link":"https:\/\/augustiner-am-platzl.de\/index.php\/en\/reserve-a-table\/","title":{"rendered":"RESERVE A TABLE"},"content":{"rendered":"<p>[vc_row content_width=&#8220;grid&#8220; content_aligment=&#8220;center&#8220; css=&#8220;.vc_custom_1619072371345{padding-top: 95px !important;padding-bottom: 95px !important;}&#8220;][vc_column offset=&#8220;vc_col-lg-offset-3 vc_col-lg-6 vc_col-md-offset-1 vc_col-md-9&#8243;][vc_single_image image=&#8220;8409&#8243; img_size=&#8220;100&#215;100&#8243; alignment=&#8220;center&#8220;]<div class=\"eltd-section-title-outer-holder\" style=\"text-align: center\">\n\n\t\t\t<div class=\"eltd-section-subtitle-holder\">\n\t\t\t<h5 class=\"eltd-section-subtitle\" style=\";;color: #273577;;;;\">\n\t\t\t\tOnline reservation\t\t\t<\/h5>\n\t\t<\/div>\n\t\n\t\t\t<div class=\"eltd-section-title-title-holder\">\n\t\t\t\t<h2 class=\"eltd-section-title\" style=\";font-size: 50px;;;;text-transform: Uppercase;;\">\n\t\t\t\tReserve a table\t\t\t\t<\/h2>\n\t\t<\/div>\n\t\n<\/div>[vc_column_text]<\/p>\n<h4 style=\"text-align: center;\">Please fill out this online form to reserve a table at the Augustiner am Platzl. We will send you a confirmation mail shortly.<\/h4>\n<p>[\/vc_column_text][\/vc_column][\/vc_row][vc_row row_type=&#8220;parallax&#8220; content_width=&#8220;grid&#8220; full_screen_section_height=&#8220;no&#8220; parallax_background_image=&#8220;10150&#8243; css=&#8220;.vc_custom_1621339964443{padding-top: 60px !important;padding-bottom: 60px !important;}&#8220;][vc_column][vc_column_text]<script type=\"text\/javascript\" src=\"\/\/login.reservision.com\/widget\/load\/hash\/4c10931a72c8967ffa270ef47076d674\" async defer><\/script>[\/vc_column_text][\/vc_column][\/vc_row][vc_row disable_element=&#8220;yes&#8220; row_type=&#8220;parallax&#8220; content_width=&#8220;grid&#8220; full_screen_section_height=&#8220;no&#8220; parallax_background_image=&#8220;8800&#8243; css=&#8220;.vc_custom_1620219918352{padding-top: 60px !important;padding-bottom: 60px !important;}&#8220;][vc_column][vc_single_image image=&#8220;8912&#8243; img_size=&#8220;full&#8220;][\/vc_column][\/vc_row][vc_row content_width=&#8220;grid&#8220; css=&#8220;.vc_custom_1476868591796{padding-top: 75px !important;padding-bottom: 70px !important;}&#8220;][vc_column offset=&#8220;vc_col-lg-6 vc_col-md-12&#8243; css=&#8220;.vc_custom_1621437641097{padding-right: 30px !important;}&#8220;]<div class=\"eltd-section-title-outer-holder\" style=\"text-align: left\">\n\n\t\n\t\t\t<div class=\"eltd-section-title-title-holder\">\n\t\t\t\t<h2 class=\"eltd-section-title\" style=\";font-size: 40px;;;;text-transform: Uppercase;;\">\n\t\t\t\tBooking is easy!\t\t\t\t<\/h2>\n\t\t<\/div>\n\t\n<\/div>[vc_empty_space height=&#8220;5px&#8220;][vc_column_text]<\/p>\n<h4>Simply enter the date and time that you would like to visit, as well as the number of guests, and then submit your booking form. We\u2019ll take care of the rest! Unfortunately the form is currently only available in German. Feel free to reserve a table via phone or email.<\/h4>\n<h4>Would you like to book one of our function rooms? We\u2019d love to help you!<\/h4>\n<h4>Simply give us a call or send us an email.<\/h4>\n<p>[\/vc_column_text][vc_empty_space height=&#8220;8px&#8220;][vc_column_text]<\/p>\n<h5>We look forward to seeing you!<\/h5>\n<p>[\/vc_column_text][vc_empty_space height=&#8220;25px&#8220;][\/vc_column][vc_column offset=&#8220;vc_col-lg-offset-0 vc_col-lg-6 vc_col-md-offset-0 vc_col-md-11&#8243;]<div class=\"eltd-section-title-outer-holder\" style=\"text-align: left\">\n\n\t\n\t\t\t<div class=\"eltd-section-title-title-holder\">\n\t\t\t\t<h2 class=\"eltd-section-title\" style=\";font-size: 40px;;;;text-transform: Uppercase;;\">\n\t\t\t\tDo you have any questions?\t\t\t\t<\/h2>\n\t\t<\/div>\n\t\n<\/div>[vc_empty_space height=&#8220;5px&#8220;][vc_column_text]<\/p>\n<h4>We\u2019re always happy to help!<\/h4>\n<p>[\/vc_column_text][vc_row_inner][vc_column_inner width=&#8220;1\/4&#8243; offset=&#8220;vc_col-lg-3 vc_col-md-3 vc_col-xs-3&#8243;][vc_empty_space height=&#8220;12px&#8220;][vc_column_text]<\/p>\n<h5>TELEPHONE<\/h5>\n<p>[\/vc_column_text][vc_empty_space height=&#8220;4px&#8220;][vc_column_text]<\/p>\n<h5>EMAIL ADDRESS<\/h5>\n<p>[\/vc_column_text][vc_empty_space height=&#8220;4px&#8220;][vc_column_text]<\/p>\n<h5>ADRESS<\/h5>\n<p>[\/vc_column_text][vc_empty_space height=&#8220;4px&#8220;][vc_column_text]<\/p>\n<h5>FOLLOW US<\/h5>\n<p>[\/vc_column_text][\/vc_column_inner][vc_column_inner width=&#8220;2\/3&#8243; offset=&#8220;vc_col-lg-offset-0 vc_col-lg-9 vc_col-xs-9&#8243;][vc_empty_space height=&#8220;12px&#8220;][vc_column_text]<a href=\"tel:+49 89 3701717-0\">Tel. +49 89 3701717-0<\/a>[\/vc_column_text][vc_empty_space height=&#8220;4px&#8220;][vc_column_text]<\/p>\n<h5><a href=\"mailto:willkommen@augustiner-am-platzl.de\">willkommen@augustiner-am-platzl.de<\/a><\/h5>\n<p>[\/vc_column_text][vc_empty_space height=&#8220;4px&#8220;][vc_column_text]<\/p>\n<h5>Orlandostra\u00dfe 5, 80331 M\u00fcnchen<\/h5>\n<p>[\/vc_column_text][vc_empty_space height=&#8220;16px&#8220;]\n    <span class=\"eltd-icon-shortcode normal eltd-icon-tiny\" style=\"margin: 0 18px 0 0\" data-hover-color=\"#273577\" data-color=\"#a2a2a2\">\n                    <a class=\"\"  href=\"https:\/\/vimeo.com\/\" target=\"_blank\">\n        \n        <span aria-hidden=\"true\" class=\"eltd-icon-font-elegant social_facebook eltd-icon-element\" style=\"color: #a2a2a2\" ><\/span>\n                    <\/a>\n            <\/span>\n\n\n    <span class=\"eltd-icon-shortcode normal eltd-icon-tiny\" style=\"margin: 0 18px 0 0\" data-hover-color=\"#273577\" data-color=\"#a2a2a2\">\n                    <a class=\"\"  href=\"http:\/\/instagram.com\" target=\"_blank\">\n        \n        <span aria-hidden=\"true\" class=\"eltd-icon-font-elegant social_instagram eltd-icon-element\" style=\"color: #a2a2a2\" ><\/span>\n                    <\/a>\n            <\/span>\n\n\n    <span class=\"eltd-icon-shortcode normal eltd-icon-tiny\"  data-hover-color=\"#273577\" data-color=\"#a2a2a2\">\n                    <a class=\"\"  href=\"http:\/\/www.facebook.com\" target=\"_blank\">\n        \n        <span aria-hidden=\"true\" class=\"eltd-icon-font-elegant social_linkedin eltd-icon-element\" style=\"color: #a2a2a2\" ><\/span>\n                    <\/a>\n            <\/span>\n\n[\/vc_column_inner][\/vc_row_inner][vc_empty_space height=&#8220;30px&#8220;][\/vc_column][\/vc_row]<\/p>\n","protected":false},"excerpt":{"rendered":"<p>[vc_row content_width=&#8220;grid&#8220; content_aligment=&#8220;center&#8220; css=&#8220;.vc_custom_1619072371345{padding-top: 95px !important;padding-bottom: 95px !important;}&#8220;][vc_column offset=&#8220;vc_col-lg-offset-3 vc_col-lg-6 vc_col-md-offset-1 vc_col-md-9&#8243;][vc_single_image image=&#8220;8409&#8243; img_size=&#8220;100&#215;100&#8243; alignment=&#8220;center&#8220;][vc_column_text] Please fill out this online form to reserve a table at the Augustiner am Platzl. We will send you a confirmation mail shortly. [\/vc_column_text][\/vc_column][\/vc_row][vc_row row_type=&#8220;parallax&#8220; content_width=&#8220;grid&#8220; full_screen_section_height=&#8220;no&#8220; parallax_background_image=&#8220;10150&#8243; css=&#8220;.vc_custom_1621339964443{padding-top: 60px&#8230;<\/p>\n","protected":false},"author":1,"featured_media":0,"parent":0,"menu_order":0,"comment_status":"closed","ping_status":"closed","template":"full-width.php","meta":{"footnotes":"","_links_to":"","_links_to_target":""},"class_list":["post-11579","page","type-page","status-publish","hentry"],"yoast_head":"<!-- This site is optimized with the Yoast SEO plugin v21.5 - https:\/\/yoast.com\/wordpress\/plugins\/seo\/ -->\n<title>RESERVE A TABLE - Augustiner am Platzl<\/title>\n<meta name=\"description\" content=\"Bitten nutzen Sie unser Online-Formular f\u00fcr Ihre Tischreservierung. Sie erhalten in K\u00fcrze von uns eine Best\u00e4tigungsmail von uns.\" \/>\n<meta name=\"robots\" content=\"index, follow, max-snippet:-1, max-image-preview:large, max-video-preview:-1\" \/>\n<link rel=\"canonical\" href=\"https:\/\/augustiner-am-platzl.de\/index.php\/en\/reserve-a-table\/\" \/>\n<meta property=\"og:locale\" content=\"de_DE\" \/>\n<meta property=\"og:type\" content=\"article\" \/>\n<meta property=\"og:title\" content=\"RESERVE A TABLE - Augustiner am Platzl\" \/>\n<meta property=\"og:description\" content=\"Bitten nutzen Sie unser Online-Formular f\u00fcr Ihre Tischreservierung. Sie erhalten in K\u00fcrze von uns eine Best\u00e4tigungsmail von uns.\" \/>\n<meta property=\"og:url\" content=\"https:\/\/augustiner-am-platzl.de\/index.php\/en\/reserve-a-table\/\" \/>\n<meta property=\"og:site_name\" content=\"Augustiner am Platzl\" \/>\n<meta property=\"article:modified_time\" content=\"2022-02-11T14:42:58+00:00\" \/>\n<meta name=\"twitter:card\" content=\"summary_large_image\" \/>\n<meta name=\"twitter:label1\" content=\"Gesch\u00e4tzte Lesezeit\" \/>\n\t<meta name=\"twitter:data1\" content=\"2\u00a0Minuten\" \/>\n<script type=\"application\/ld+json\" class=\"yoast-schema-graph\">{\"@context\":\"https:\/\/schema.org\",\"@graph\":[{\"@type\":\"WebPage\",\"@id\":\"https:\/\/augustiner-am-platzl.de\/index.php\/en\/reserve-a-table\/\",\"url\":\"https:\/\/augustiner-am-platzl.de\/index.php\/en\/reserve-a-table\/\",\"name\":\"RESERVE A TABLE - Augustiner am Platzl\",\"isPartOf\":{\"@id\":\"https:\/\/augustiner-am-platzl.de\/#website\"},\"datePublished\":\"2022-02-10T14:30:09+00:00\",\"dateModified\":\"2022-02-11T14:42:58+00:00\",\"description\":\"Bitten nutzen Sie unser Online-Formular f\u00fcr Ihre Tischreservierung. Sie erhalten in K\u00fcrze von uns eine Best\u00e4tigungsmail von uns.\",\"breadcrumb\":{\"@id\":\"https:\/\/augustiner-am-platzl.de\/index.php\/en\/reserve-a-table\/#breadcrumb\"},\"inLanguage\":\"de\",\"potentialAction\":[{\"@type\":\"ReadAction\",\"target\":[\"https:\/\/augustiner-am-platzl.de\/index.php\/en\/reserve-a-table\/\"]}]},{\"@type\":\"BreadcrumbList\",\"@id\":\"https:\/\/augustiner-am-platzl.de\/index.php\/en\/reserve-a-table\/#breadcrumb\",\"itemListElement\":[{\"@type\":\"ListItem\",\"position\":1,\"name\":\"Startseite\",\"item\":\"https:\/\/augustiner-am-platzl.de\/\"},{\"@type\":\"ListItem\",\"position\":2,\"name\":\"RESERVE A TABLE\"}]},{\"@type\":\"WebSite\",\"@id\":\"https:\/\/augustiner-am-platzl.de\/#website\",\"url\":\"https:\/\/augustiner-am-platzl.de\/\",\"name\":\"Augustiner am Platzl\",\"description\":\"Wirtshaus der Herzen!\",\"publisher\":{\"@id\":\"https:\/\/augustiner-am-platzl.de\/#organization\"},\"potentialAction\":[{\"@type\":\"SearchAction\",\"target\":{\"@type\":\"EntryPoint\",\"urlTemplate\":\"https:\/\/augustiner-am-platzl.de\/?s={search_term_string}\"},\"query-input\":\"required name=search_term_string\"}],\"inLanguage\":\"de\"},{\"@type\":\"Organization\",\"@id\":\"https:\/\/augustiner-am-platzl.de\/#organization\",\"name\":\"Augustiner am Platzl\",\"url\":\"https:\/\/augustiner-am-platzl.de\/\",\"logo\":{\"@type\":\"ImageObject\",\"inLanguage\":\"de\",\"@id\":\"https:\/\/augustiner-am-platzl.de\/#\/schema\/logo\/image\/\",\"url\":\"https:\/\/augustiner-am-platzl.de\/wp-content\/uploads\/2021\/04\/cropped-Thumbnail.png\",\"contentUrl\":\"https:\/\/augustiner-am-platzl.de\/wp-content\/uploads\/2021\/04\/cropped-Thumbnail.png\",\"width\":512,\"height\":512,\"caption\":\"Augustiner am Platzl\"},\"image\":{\"@id\":\"https:\/\/augustiner-am-platzl.de\/#\/schema\/logo\/image\/\"}}]}<\/script>\n<!-- \/ Yoast SEO plugin. -->","yoast_head_json":{"title":"RESERVE A TABLE - Augustiner am Platzl","description":"Bitten nutzen Sie unser Online-Formular f\u00fcr Ihre Tischreservierung. Sie erhalten in K\u00fcrze von uns eine Best\u00e4tigungsmail von uns.","robots":{"index":"index","follow":"follow","max-snippet":"max-snippet:-1","max-image-preview":"max-image-preview:large","max-video-preview":"max-video-preview:-1"},"canonical":"https:\/\/augustiner-am-platzl.de\/index.php\/en\/reserve-a-table\/","og_locale":"de_DE","og_type":"article","og_title":"RESERVE A TABLE - Augustiner am Platzl","og_description":"Bitten nutzen Sie unser Online-Formular f\u00fcr Ihre Tischreservierung. Sie erhalten in K\u00fcrze von uns eine Best\u00e4tigungsmail von uns.","og_url":"https:\/\/augustiner-am-platzl.de\/index.php\/en\/reserve-a-table\/","og_site_name":"Augustiner am Platzl","article_modified_time":"2022-02-11T14:42:58+00:00","twitter_card":"summary_large_image","twitter_misc":{"Gesch\u00e4tzte Lesezeit":"2\u00a0Minuten"},"schema":{"@context":"https:\/\/schema.org","@graph":[{"@type":"WebPage","@id":"https:\/\/augustiner-am-platzl.de\/index.php\/en\/reserve-a-table\/","url":"https:\/\/augustiner-am-platzl.de\/index.php\/en\/reserve-a-table\/","name":"RESERVE A TABLE - Augustiner am Platzl","isPartOf":{"@id":"https:\/\/augustiner-am-platzl.de\/#website"},"datePublished":"2022-02-10T14:30:09+00:00","dateModified":"2022-02-11T14:42:58+00:00","description":"Bitten nutzen Sie unser Online-Formular f\u00fcr Ihre Tischreservierung. Sie erhalten in K\u00fcrze von uns eine Best\u00e4tigungsmail von uns.","breadcrumb":{"@id":"https:\/\/augustiner-am-platzl.de\/index.php\/en\/reserve-a-table\/#breadcrumb"},"inLanguage":"de","potentialAction":[{"@type":"ReadAction","target":["https:\/\/augustiner-am-platzl.de\/index.php\/en\/reserve-a-table\/"]}]},{"@type":"BreadcrumbList","@id":"https:\/\/augustiner-am-platzl.de\/index.php\/en\/reserve-a-table\/#breadcrumb","itemListElement":[{"@type":"ListItem","position":1,"name":"Startseite","item":"https:\/\/augustiner-am-platzl.de\/"},{"@type":"ListItem","position":2,"name":"RESERVE A TABLE"}]},{"@type":"WebSite","@id":"https:\/\/augustiner-am-platzl.de\/#website","url":"https:\/\/augustiner-am-platzl.de\/","name":"Augustiner am Platzl","description":"Wirtshaus der Herzen!","publisher":{"@id":"https:\/\/augustiner-am-platzl.de\/#organization"},"potentialAction":[{"@type":"SearchAction","target":{"@type":"EntryPoint","urlTemplate":"https:\/\/augustiner-am-platzl.de\/?s={search_term_string}"},"query-input":"required name=search_term_string"}],"inLanguage":"de"},{"@type":"Organization","@id":"https:\/\/augustiner-am-platzl.de\/#organization","name":"Augustiner am Platzl","url":"https:\/\/augustiner-am-platzl.de\/","logo":{"@type":"ImageObject","inLanguage":"de","@id":"https:\/\/augustiner-am-platzl.de\/#\/schema\/logo\/image\/","url":"https:\/\/augustiner-am-platzl.de\/wp-content\/uploads\/2021\/04\/cropped-Thumbnail.png","contentUrl":"https:\/\/augustiner-am-platzl.de\/wp-content\/uploads\/2021\/04\/cropped-Thumbnail.png","width":512,"height":512,"caption":"Augustiner am Platzl"},"image":{"@id":"https:\/\/augustiner-am-platzl.de\/#\/schema\/logo\/image\/"}}]}},"_links":{"self":[{"href":"https:\/\/augustiner-am-platzl.de\/index.php\/wp-json\/wp\/v2\/pages\/11579","targetHints":{"allow":["GET"]}}],"collection":[{"href":"https:\/\/augustiner-am-platzl.de\/index.php\/wp-json\/wp\/v2\/pages"}],"about":[{"href":"https:\/\/augustiner-am-platzl.de\/index.php\/wp-json\/wp\/v2\/types\/page"}],"author":[{"embeddable":true,"href":"https:\/\/augustiner-am-platzl.de\/index.php\/wp-json\/wp\/v2\/users\/1"}],"replies":[{"embeddable":true,"href":"https:\/\/augustiner-am-platzl.de\/index.php\/wp-json\/wp\/v2\/comments?post=11579"}],"version-history":[{"count":4,"href":"https:\/\/augustiner-am-platzl.de\/index.php\/wp-json\/wp\/v2\/pages\/11579\/revisions"}],"predecessor-version":[{"id":11643,"href":"https:\/\/augustiner-am-platzl.de\/index.php\/wp-json\/wp\/v2\/pages\/11579\/revisions\/11643"}],"wp:attachment":[{"href":"https:\/\/augustiner-am-platzl.de\/index.php\/wp-json\/wp\/v2\/media?parent=11579"}],"curies":[{"name":"wp","href":"https:\/\/api.w.org\/{rel}","templated":true}]}}